{"id":9008,"date":"2026-02-09T18:55:35","date_gmt":"2026-02-09T21:55:35","guid":{"rendered":"https:\/\/muneka.us\/product\/aquaphor-lip-repair-ointment-moisturizing-lip-balm-pack-relieves-dryness-0-35-tube-pack-of-2\/"},"modified":"2026-02-09T18:55:35","modified_gmt":"2026-02-09T21:55:35","slug":"aquaphor-lip-repair-ointment-moisturizing-lip-balm-pack-relieves-dryness-0-35-tube-pack-of-2","status":"publish","type":"product","link":"https:\/\/muneka.us\/en\/product\/aquaphor-lip-repair-ointment-moisturizing-lip-balm-pack-relieves-dryness-0-35-tube-pack-of-2\/","title":{"rendered":"Aquaphor Lip Repair Ointment, Moisturizing Lip Balm Pack, Relieves Dryness, 0.35 Tube, Pack of 2"},"content":{"rendered":"<li data-start=\"188\" data-end=\"211\">\n<p data-start=\"190\" data-end=\"211\"><strong data-start=\"190\" data-end=\"200\">Marca:<\/strong> Aquaphor<\/p>\n<\/li>\n<li data-start=\"212\" data-end=\"275\">\n<p data-start=\"214\" data-end=\"275\"><strong data-start=\"214\" data-end=\"226\">Produto:<\/strong> Lip Repair Ointment (B\u00e1lsamo labial reparador)<\/p>\n<\/li>\n<li data-start=\"276\" data-end=\"319\">\n<p data-start=\"278\" data-end=\"319\"><strong data-start=\"278\" data-end=\"293\">Quantidade:<\/strong> <strong data-start=\"294\" data-end=\"317\">Pack com 2 unidades<\/strong><\/p>\n<\/li>\n<li data-start=\"320\" data-end=\"372\">\n<p data-start=\"322\" data-end=\"372\"><strong data-start=\"322\" data-end=\"334\">Tamanho:<\/strong> <strong data-start=\"335\" data-end=\"346\">0.35 oz<\/strong> (aprox. 10 g) cada tubo<\/p>\n<\/li>\n<li data-start=\"373\" data-end=\"419\">\n<p data-start=\"375\" data-end=\"419\"><strong data-start=\"375\" data-end=\"386\">Fun\u00e7\u00e3o:<\/strong> B\u00e1lsamo hidratante para l\u00e1bios<\/p>\n<\/li>\n<li data-start=\"420\" data-end=\"577\">\n<p data-start=\"422\" data-end=\"439\"><strong data-start=\"422\" data-end=\"437\">Benef\u00edcios:<\/strong><\/p>\n<ul data-start=\"442\" data-end=\"577\">\n<li data-start=\"442\" data-end=\"489\">\n<p data-start=\"444\" data-end=\"489\"><strong data-start=\"444\" data-end=\"463\">Alivia a secura<\/strong> e rachaduras nos l\u00e1bios<\/p>\n<\/li>\n<li data-start=\"492\" data-end=\"527\">\n<p data-start=\"494\" data-end=\"527\">Hidrata\u00e7\u00e3o intensa e reparadora<\/p>\n<\/li>\n<li data-start=\"530\" data-end=\"577\">\n<p data-start=\"532\" data-end=\"577\">Ajuda a proteger a pele delicada dos l\u00e1bios<\/p>\n<\/li>\n<\/ul>\n<\/li>\n<li data-start=\"578\" data-end=\"639\">\n<p data-start=\"580\" data-end=\"639\"><strong data-start=\"580\" data-end=\"594\">Indica\u00e7\u00e3o:<\/strong> Para l\u00e1bios secos, ressecados ou irritados<\/p>\n<\/li>\n<li data-start=\"640\" data-end=\"712\">\n<p data-start=\"642\" data-end=\"712\"><strong data-start=\"642\" data-end=\"656\">Resultado:<\/strong> L\u00e1bios mais macios, suaves e com sensa\u00e7\u00e3o de conforto<\/p>\n<\/li>\n<li data-start=\"713\" data-end=\"757\">\n<p data-start=\"715\" data-end=\"757\"><strong data-start=\"715\" data-end=\"727\">Textura:<\/strong> F\u00f3rmula leve e n\u00e3o pegajosa<\/p>\n<\/li>\n","protected":false},"excerpt":{"rendered":"<p>Marca: Aquaphor Produto: Lip Repair Ointment (B\u00e1lsamo labial reparador) Quantidade: Pack com 2 unidades Tamanho: 0.35 oz (aprox. 10 g) cada tubo Fun\u00e7\u00e3o: B\u00e1lsamo hidratante para l\u00e1bios Benef\u00edcios: Alivia a secura e rachaduras nos l\u00e1bios Hidrata\u00e7\u00e3o intensa e reparadora Ajuda a proteger a pele delicada dos l\u00e1bios Indica\u00e7\u00e3o: Para l\u00e1bios secos, ressecados ou irritados Resultado: [&#8230;]\n","protected":false},"featured_media":9009,"comment_status":"open","ping_status":"closed","template":"","meta":[],"product_brand":[],"product_cat":[3722,3807],"product_tag":[],"class_list":{"0":"post-9008","1":"product","2":"type-product","3":"status-publish","4":"has-post-thumbnail","6":"product_cat-beauty-wellness","7":"product_cat-makeup","9":"first","10":"instock","11":"taxable","12":"shipping-taxable","13":"purchasable","14":"product-type-simple"},"jetpack_sharing_enabled":true,"_links":{"self":[{"href":"https:\/\/muneka.us\/en\/wp-json\/wp\/v2\/product\/9008","targetHints":{"allow":["GET"]}}],"collection":[{"href":"https:\/\/muneka.us\/en\/wp-json\/wp\/v2\/product"}],"about":[{"href":"https:\/\/muneka.us\/en\/wp-json\/wp\/v2\/types\/product"}],"replies":[{"embeddable":true,"href":"https:\/\/muneka.us\/en\/wp-json\/wp\/v2\/comments?post=9008"}],"wp:featuredmedia":[{"embeddable":true,"href":"https:\/\/muneka.us\/en\/wp-json\/wp\/v2\/media\/9009"}],"wp:attachment":[{"href":"https:\/\/muneka.us\/en\/wp-json\/wp\/v2\/media?parent=9008"}],"wp:term":[{"taxonomy":"product_brand","embeddable":true,"href":"https:\/\/muneka.us\/en\/wp-json\/wp\/v2\/product_brand?post=9008"},{"taxonomy":"product_cat","embeddable":true,"href":"https:\/\/muneka.us\/en\/wp-json\/wp\/v2\/product_cat?post=9008"},{"taxonomy":"product_tag","embeddable":true,"href":"https:\/\/muneka.us\/en\/wp-json\/wp\/v2\/product_tag?post=9008"}],"curies":[{"name":"wp","href":"https:\/\/api.w.org\/{rel}","templated":true}]}}