{"id":8996,"date":"2026-02-10T12:31:17","date_gmt":"2026-02-10T15:31:17","guid":{"rendered":"https:\/\/muneka.us\/product\/dji-mini-3-fly-more-combo-dji-rc-drones-with-camera-for-adults-4k-3-batteries-for-114-min-flight-time-vertical-shooting-32800ft-10km-video-transmission-lightweight-mini-drone-for-beginners\/"},"modified":"2026-02-10T12:31:17","modified_gmt":"2026-02-10T15:31:17","slug":"dji-mini-3-fly-more-combo-dji-rc-drones-with-camera-for-adults-4k-3-batteries-for-114-min-flight-time-vertical-shooting-32800ft-10km-video-transmission-lightweight-mini-drone-for-beginners","status":"publish","type":"product","link":"https:\/\/muneka.us\/en\/product\/dji-mini-3-fly-more-combo-dji-rc-drones-with-camera-for-adults-4k-3-batteries-for-114-min-flight-time-vertical-shooting-32800ft-10km-video-transmission-lightweight-mini-drone-for-beginners\/","title":{"rendered":"DJI Mini 3 Fly More Combo (DJI RC), Drones with Camera for Adults 4K, 3 Batteries for 114-min Flight Time, Vertical Shooting, 32800ft (10km) Video Transmission, Lightweight Mini Drone for Beginners"},"content":{"rendered":"<li data-start=\"53\" data-end=\"133\">\n<p data-start=\"55\" data-end=\"133\"><strong data-start=\"55\" data-end=\"90\">Drone DJI Mini 3 Fly More Combo<\/strong> com controle <strong data-start=\"104\" data-end=\"114\">DJI RC<\/strong> (tela integrada)<\/p>\n<\/li>\n<li data-start=\"134\" data-end=\"202\">\n<p data-start=\"136\" data-end=\"202\"><strong data-start=\"136\" data-end=\"149\">C\u00e2mera 4K<\/strong> de alta qualidade, ideal para adultos e iniciantes<\/p>\n<\/li>\n<li data-start=\"203\" data-end=\"275\">\n<p data-start=\"205\" data-end=\"275\">Inclui <strong data-start=\"212\" data-end=\"226\">3 baterias<\/strong>, com at\u00e9 <strong data-start=\"236\" data-end=\"273\">114 minutos de tempo total de voo<\/strong><\/p>\n<\/li>\n<li data-start=\"276\" data-end=\"330\">\n<p data-start=\"278\" data-end=\"330\"><strong data-start=\"278\" data-end=\"299\">Grava\u00e7\u00e3o vertical<\/strong>, perfeita para redes sociais<\/p>\n<\/li>\n<li data-start=\"331\" data-end=\"385\">\n<p data-start=\"333\" data-end=\"385\"><strong data-start=\"333\" data-end=\"370\">Transmiss\u00e3o de v\u00eddeo de at\u00e9 10 km<\/strong> (32.800 p\u00e9s)<\/p>\n<\/li>\n<li data-start=\"386\" data-end=\"432\">\n<p data-start=\"388\" data-end=\"432\"><strong data-start=\"388\" data-end=\"413\">Drone leve e compacto<\/strong>, abaixo de 250 g<\/p>\n<\/li>\n<li data-start=\"433\" data-end=\"477\">\n<p data-start=\"435\" data-end=\"477\">F\u00e1cil de usar, ideal para <strong data-start=\"461\" data-end=\"475\">iniciantes<\/strong><\/p>\n<\/li>\n<li data-start=\"478\" data-end=\"553\">\n<p data-start=\"480\" data-end=\"553\">Excelente estabilidade e qualidade de imagem para fotos e v\u00eddeos a\u00e9reos<\/p>\n<\/li>\n","protected":false},"excerpt":{"rendered":"<p>Drone DJI Mini 3 Fly More Combo com controle DJI RC (tela integrada) C\u00e2mera 4K de alta qualidade, ideal para adultos e iniciantes Inclui 3 baterias, com at\u00e9 114 minutos de tempo total de voo Grava\u00e7\u00e3o vertical, perfeita para redes sociais Transmiss\u00e3o de v\u00eddeo de at\u00e9 10 km (32.800 p\u00e9s) Drone leve e compacto, abaixo [&#8230;]\n","protected":false},"featured_media":8997,"comment_status":"open","ping_status":"closed","template":"","meta":[],"product_brand":[],"product_cat":[3787,3789,3785],"product_tag":[],"class_list":{"0":"post-8996","1":"product","2":"type-product","3":"status-publish","4":"has-post-thumbnail","6":"product_cat-accessories","7":"product_cat-electronics","8":"product_cat-technology","10":"first","11":"instock","12":"taxable","13":"shipping-taxable","14":"purchasable","15":"product-type-simple"},"jetpack_sharing_enabled":true,"_links":{"self":[{"href":"https:\/\/muneka.us\/en\/wp-json\/wp\/v2\/product\/8996","targetHints":{"allow":["GET"]}}],"collection":[{"href":"https:\/\/muneka.us\/en\/wp-json\/wp\/v2\/product"}],"about":[{"href":"https:\/\/muneka.us\/en\/wp-json\/wp\/v2\/types\/product"}],"replies":[{"embeddable":true,"href":"https:\/\/muneka.us\/en\/wp-json\/wp\/v2\/comments?post=8996"}],"wp:featuredmedia":[{"embeddable":true,"href":"https:\/\/muneka.us\/en\/wp-json\/wp\/v2\/media\/8997"}],"wp:attachment":[{"href":"https:\/\/muneka.us\/en\/wp-json\/wp\/v2\/media?parent=8996"}],"wp:term":[{"taxonomy":"product_brand","embeddable":true,"href":"https:\/\/muneka.us\/en\/wp-json\/wp\/v2\/product_brand?post=8996"},{"taxonomy":"product_cat","embeddable":true,"href":"https:\/\/muneka.us\/en\/wp-json\/wp\/v2\/product_cat?post=8996"},{"taxonomy":"product_tag","embeddable":true,"href":"https:\/\/muneka.us\/en\/wp-json\/wp\/v2\/product_tag?post=8996"}],"curies":[{"name":"wp","href":"https:\/\/api.w.org\/{rel}","templated":true}]}}