{"id":8932,"date":"2026-02-10T16:52:25","date_gmt":"2026-02-10T19:52:25","guid":{"rendered":"https:\/\/muneka.us\/product\/oster-original-3-speed-chrome-blender-6-times-more-durable-motor-10-times-stronger-5-cup-glass-jar-2\/"},"modified":"2026-02-10T16:52:25","modified_gmt":"2026-02-10T19:52:25","slug":"oster-original-3-speed-chrome-blender-6-times-more-durable-motor-10-times-stronger-5-cup-glass-jar-2","status":"publish","type":"product","link":"https:\/\/muneka.us\/en\/product\/oster-original-3-speed-chrome-blender-6-times-more-durable-motor-10-times-stronger-5-cup-glass-jar-2\/","title":{"rendered":"Oster Original 3 Speed Chrome Blender, 6 Times more Durable Motor, 10 Times Stronger, 5 Cup Glass Jar"},"content":{"rendered":"<p>Segue a <strong>descri\u00e7\u00e3o\/caracter\u00edsticas em portugu\u00eas<\/strong>:<\/p>\n<ul>\n<li>\n<p><strong>Liquidificador Oster Original cromado<\/strong><\/p>\n<\/li>\n<li>\n<p><strong>3 velocidades<\/strong>, com controle pr\u00e1tico<\/p>\n<\/li>\n<li>\n<p><strong>Motor at\u00e9 6x mais dur\u00e1vel<\/strong><\/p>\n<\/li>\n<li>\n<p><strong>Pot\u00eancia at\u00e9 10x mais forte<\/strong> para triturar com efici\u00eancia<\/p>\n<\/li>\n<li>\n<p><strong>Copo de vidro com capacidade de 5 x\u00edcaras<\/strong><\/p>\n<\/li>\n<li>\n<p>Design cl\u00e1ssico e resistente<\/p>\n<\/li>\n<li>\n<p>Ideal para preparo de sucos, vitaminas, molhos e outras receitas<\/p>\n<\/li>\n<\/ul>\n<p><\/p>\n","protected":false},"excerpt":{"rendered":"<p>Segue a descri\u00e7\u00e3o\/caracter\u00edsticas em portugu\u00eas: Liquidificador Oster Original cromado 3 velocidades, com controle pr\u00e1tico Motor at\u00e9 6x mais dur\u00e1vel Pot\u00eancia at\u00e9 10x mais forte para triturar com efici\u00eancia Copo de vidro com capacidade de 5 x\u00edcaras Design cl\u00e1ssico e resistente Ideal para preparo de sucos, vitaminas, molhos e outras receitas<\/p>\n","protected":false},"featured_media":8933,"comment_status":"open","ping_status":"closed","template":"","meta":[],"product_brand":[],"product_cat":[3769,3771],"product_tag":[],"class_list":{"0":"post-8932","1":"product","2":"type-product","3":"status-publish","4":"has-post-thumbnail","6":"product_cat-home-decor","7":"product_cat-kitchen","9":"first","10":"instock","11":"taxable","12":"shipping-taxable","13":"product-type-simple"},"jetpack_sharing_enabled":true,"_links":{"self":[{"href":"https:\/\/muneka.us\/en\/wp-json\/wp\/v2\/product\/8932","targetHints":{"allow":["GET"]}}],"collection":[{"href":"https:\/\/muneka.us\/en\/wp-json\/wp\/v2\/product"}],"about":[{"href":"https:\/\/muneka.us\/en\/wp-json\/wp\/v2\/types\/product"}],"replies":[{"embeddable":true,"href":"https:\/\/muneka.us\/en\/wp-json\/wp\/v2\/comments?post=8932"}],"wp:featuredmedia":[{"embeddable":true,"href":"https:\/\/muneka.us\/en\/wp-json\/wp\/v2\/media\/8933"}],"wp:attachment":[{"href":"https:\/\/muneka.us\/en\/wp-json\/wp\/v2\/media?parent=8932"}],"wp:term":[{"taxonomy":"product_brand","embeddable":true,"href":"https:\/\/muneka.us\/en\/wp-json\/wp\/v2\/product_brand?post=8932"},{"taxonomy":"product_cat","embeddable":true,"href":"https:\/\/muneka.us\/en\/wp-json\/wp\/v2\/product_cat?post=8932"},{"taxonomy":"product_tag","embeddable":true,"href":"https:\/\/muneka.us\/en\/wp-json\/wp\/v2\/product_tag?post=8932"}],"curies":[{"name":"wp","href":"https:\/\/api.w.org\/{rel}","templated":true}]}}