{"id":8930,"date":"2026-02-10T16:55:06","date_gmt":"2026-02-10T19:55:06","guid":{"rendered":"https:\/\/muneka.us\/product\/cuisinart-12-cup-classic-programmable-coffeemaker-white-12-cup-programmable-dcc-1120nas-2\/"},"modified":"2026-02-10T16:55:06","modified_gmt":"2026-02-10T19:55:06","slug":"cuisinart-12-cup-classic-programmable-coffeemaker-white-12-cup-programmable-dcc-1120nas-2","status":"publish","type":"product","link":"https:\/\/muneka.us\/en\/product\/cuisinart-12-cup-classic-programmable-coffeemaker-white-12-cup-programmable-dcc-1120nas-2\/","title":{"rendered":"Cuisinart 12-Cup Classic Programmable Coffeemaker, White, 12-Cup, Programmable, DCC-1120NAS"},"content":{"rendered":"<p>Segue a <strong>descri\u00e7\u00e3o\/caracter\u00edsticas em portugu\u00eas<\/strong>:<\/p>\n<ul>\n<li>\n<p><strong>Cafeteira Cuisinart Classic program\u00e1vel<\/strong><\/p>\n<\/li>\n<li>\n<p><strong>Capacidade para 12 x\u00edcaras<\/strong><\/p>\n<\/li>\n<li>\n<p>Modelo <strong>DCC-1120NAS<\/strong><\/p>\n<\/li>\n<li>\n<p><strong>Fun\u00e7\u00e3o program\u00e1vel<\/strong>, permite preparar o caf\u00e9 automaticamente<\/p>\n<\/li>\n<li>\n<p>Design cl\u00e1ssico na <strong>cor branca<\/strong><\/p>\n<\/li>\n<li>\n<p>Ideal para uso dom\u00e9stico ou escrit\u00f3rio<\/p>\n<\/li>\n<li>\n<p>F\u00e1cil de usar e limpar<\/p>\n<\/li>\n<\/ul>\n<p><\/p>\n","protected":false},"excerpt":{"rendered":"<p>Segue a descri\u00e7\u00e3o\/caracter\u00edsticas em portugu\u00eas: Cafeteira Cuisinart Classic program\u00e1vel Capacidade para 12 x\u00edcaras Modelo DCC-1120NAS Fun\u00e7\u00e3o program\u00e1vel, permite preparar o caf\u00e9 automaticamente Design cl\u00e1ssico na cor branca Ideal para uso dom\u00e9stico ou escrit\u00f3rio F\u00e1cil de usar e limpar<\/p>\n","protected":false},"featured_media":8931,"comment_status":"open","ping_status":"closed","template":"","meta":[],"product_brand":[],"product_cat":[3769,3771],"product_tag":[],"class_list":{"0":"post-8930","1":"product","2":"type-product","3":"status-publish","4":"has-post-thumbnail","6":"product_cat-home-decor","7":"product_cat-kitchen","9":"first","10":"instock","11":"taxable","12":"shipping-taxable","13":"product-type-simple"},"jetpack_sharing_enabled":true,"_links":{"self":[{"href":"https:\/\/muneka.us\/en\/wp-json\/wp\/v2\/product\/8930","targetHints":{"allow":["GET"]}}],"collection":[{"href":"https:\/\/muneka.us\/en\/wp-json\/wp\/v2\/product"}],"about":[{"href":"https:\/\/muneka.us\/en\/wp-json\/wp\/v2\/types\/product"}],"replies":[{"embeddable":true,"href":"https:\/\/muneka.us\/en\/wp-json\/wp\/v2\/comments?post=8930"}],"wp:featuredmedia":[{"embeddable":true,"href":"https:\/\/muneka.us\/en\/wp-json\/wp\/v2\/media\/8931"}],"wp:attachment":[{"href":"https:\/\/muneka.us\/en\/wp-json\/wp\/v2\/media?parent=8930"}],"wp:term":[{"taxonomy":"product_brand","embeddable":true,"href":"https:\/\/muneka.us\/en\/wp-json\/wp\/v2\/product_brand?post=8930"},{"taxonomy":"product_cat","embeddable":true,"href":"https:\/\/muneka.us\/en\/wp-json\/wp\/v2\/product_cat?post=8930"},{"taxonomy":"product_tag","embeddable":true,"href":"https:\/\/muneka.us\/en\/wp-json\/wp\/v2\/product_tag?post=8930"}],"curies":[{"name":"wp","href":"https:\/\/api.w.org\/{rel}","templated":true}]}}