{"id":8926,"date":"2026-02-10T18:12:03","date_gmt":"2026-02-10T21:12:03","guid":{"rendered":"https:\/\/muneka.us\/product\/chefman-craftbrew-espresso-machine-15-bar-pump-digital-espresso-maker-w-steam-wand-for-latte-cappuccino-compact-espresso-coffee-machine-w-1-5l-removable-water-reservoir-stainless-steel-2\/"},"modified":"2026-02-10T18:12:03","modified_gmt":"2026-02-10T21:12:03","slug":"chefman-craftbrew-espresso-machine-15-bar-pump-digital-espresso-maker-w-steam-wand-for-latte-cappuccino-compact-espresso-coffee-machine-w-1-5l-removable-water-reservoir-stainless-steel-2","status":"publish","type":"product","link":"https:\/\/muneka.us\/en\/product\/chefman-craftbrew-espresso-machine-15-bar-pump-digital-espresso-maker-w-steam-wand-for-latte-cappuccino-compact-espresso-coffee-machine-w-1-5l-removable-water-reservoir-stainless-steel-2\/","title":{"rendered":"Chefman CraftBrew Espresso Machine, 15-Bar Pump Digital Espresso Maker w\/Steam Wand for Latte &amp; Cappuccino, Compact Espresso Coffee Machine w\/ 1.5L Removable Water Reservoir &#8211; Stainless Steel"},"content":{"rendered":"<p>Segue a <strong>descri\u00e7\u00e3o\/caracter\u00edsticas em portugu\u00eas<\/strong>:<\/p>\n<ul>\n<li>\n<p><strong>M\u00e1quina de Espresso Chefman CraftBrew<\/strong><\/p>\n<\/li>\n<li>\n<p><strong>Bomba de 15 bar de press\u00e3o<\/strong>, ideal para extra\u00e7\u00e3o de espresso<\/p>\n<\/li>\n<li>\n<p><strong>Painel digital<\/strong>, f\u00e1cil de usar<\/p>\n<\/li>\n<li>\n<p><strong>Vaporizador (steam wand)<\/strong> para preparo de <strong>latte e cappuccino<\/strong><\/p>\n<\/li>\n<li>\n<p>Design <strong>compacto<\/strong>, ideal para cozinhas com pouco espa\u00e7o<\/p>\n<\/li>\n<li>\n<p><strong>Reservat\u00f3rio de \u00e1gua remov\u00edvel de 1,5 L<\/strong><\/p>\n<\/li>\n<li>\n<p>Acabamento em <strong>a\u00e7o inoxid\u00e1vel<\/strong><\/p>\n<\/li>\n<\/ul>\n<p><\/p>\n","protected":false},"excerpt":{"rendered":"<p>Segue a descri\u00e7\u00e3o\/caracter\u00edsticas em portugu\u00eas: M\u00e1quina de Espresso Chefman CraftBrew Bomba de 15 bar de press\u00e3o, ideal para extra\u00e7\u00e3o de espresso Painel digital, f\u00e1cil de usar Vaporizador (steam wand) para preparo de latte e cappuccino Design compacto, ideal para cozinhas com pouco espa\u00e7o Reservat\u00f3rio de \u00e1gua remov\u00edvel de 1,5 L Acabamento em a\u00e7o inoxid\u00e1vel<\/p>\n","protected":false},"featured_media":8927,"comment_status":"open","ping_status":"closed","template":"","meta":[],"product_brand":[],"product_cat":[3769,3771],"product_tag":[],"class_list":{"0":"post-8926","1":"product","2":"type-product","3":"status-publish","4":"has-post-thumbnail","6":"product_cat-home-decor","7":"product_cat-kitchen","9":"first","10":"instock","11":"taxable","12":"shipping-taxable","13":"product-type-simple"},"jetpack_sharing_enabled":true,"_links":{"self":[{"href":"https:\/\/muneka.us\/en\/wp-json\/wp\/v2\/product\/8926","targetHints":{"allow":["GET"]}}],"collection":[{"href":"https:\/\/muneka.us\/en\/wp-json\/wp\/v2\/product"}],"about":[{"href":"https:\/\/muneka.us\/en\/wp-json\/wp\/v2\/types\/product"}],"replies":[{"embeddable":true,"href":"https:\/\/muneka.us\/en\/wp-json\/wp\/v2\/comments?post=8926"}],"wp:featuredmedia":[{"embeddable":true,"href":"https:\/\/muneka.us\/en\/wp-json\/wp\/v2\/media\/8927"}],"wp:attachment":[{"href":"https:\/\/muneka.us\/en\/wp-json\/wp\/v2\/media?parent=8926"}],"wp:term":[{"taxonomy":"product_brand","embeddable":true,"href":"https:\/\/muneka.us\/en\/wp-json\/wp\/v2\/product_brand?post=8926"},{"taxonomy":"product_cat","embeddable":true,"href":"https:\/\/muneka.us\/en\/wp-json\/wp\/v2\/product_cat?post=8926"},{"taxonomy":"product_tag","embeddable":true,"href":"https:\/\/muneka.us\/en\/wp-json\/wp\/v2\/product_tag?post=8926"}],"curies":[{"name":"wp","href":"https:\/\/api.w.org\/{rel}","templated":true}]}}