{"id":8922,"date":"2026-02-10T18:28:38","date_gmt":"2026-02-10T21:28:38","guid":{"rendered":"https:\/\/muneka.us\/product\/mens-rogaine-5-minoxidil-for-men-foam-clinically-proven-regrowth-for-thinning-hair-topical-hair-loss-treatment-unscented-topical-aerosol-results-in-8-16-weeks-3-month-supply-3-x\/"},"modified":"2026-02-10T18:28:38","modified_gmt":"2026-02-10T21:28:38","slug":"mens-rogaine-5-minoxidil-for-men-foam-clinically-proven-regrowth-for-thinning-hair-topical-hair-loss-treatment-unscented-topical-aerosol-results-in-8-16-weeks-3-month-supply-3-x","status":"publish","type":"product","link":"https:\/\/muneka.us\/en\/product\/mens-rogaine-5-minoxidil-for-men-foam-clinically-proven-regrowth-for-thinning-hair-topical-hair-loss-treatment-unscented-topical-aerosol-results-in-8-16-weeks-3-month-supply-3-x\/","title":{"rendered":"Men\u2019s Rogaine 5% Minoxidil for Men Foam, Clinically Proven Regrowth for Thinning Hair, Topical Hair Loss Treatment, Unscented Topical Aerosol, Results in 8\u201316 Weeks, 3-Month Supply, 3 x 2.11 oz"},"content":{"rendered":"<p>Aqui est\u00e1 a tradu\u00e7\u00e3o para o portugu\u00eas:<\/p>\n<hr>\n<p><strong>Para uso externo somente.<\/strong><br \/><strong>Para uso exclusivo de homens.<\/strong><\/p>\n<p><strong>Extremamente inflam\u00e1vel:<\/strong> Evite fogo, chamas ou fumar durante e imediatamente ap\u00f3s a aplica\u00e7\u00e3o.<\/p>\n<p><strong>N\u00e3o use se:<\/strong><\/p>\n<ul>\n<li>\n<p>Voc\u00ea \u00e9 mulher<\/p>\n<\/li>\n<li>\n<p>Sua quantidade de queda de cabelo \u00e9 diferente da mostrada na lateral desta caixa ou sua queda de cabelo est\u00e1 na parte frontal do couro cabeludo. A espuma t\u00f3pica de minoxidil 5% n\u00e3o \u00e9 indicada para calv\u00edcie frontal ou linha capilar recuada.<\/p>\n<\/li>\n<li>\n<p>Voc\u00ea n\u00e3o tem hist\u00f3rico familiar de queda de cabelo<\/p>\n<\/li>\n<li>\n<p>Sua queda de cabelo \u00e9 s\u00fabita e\/ou em manchas<\/p>\n<\/li>\n<li>\n<p>Voc\u00ea n\u00e3o sabe o motivo da sua queda de cabelo<\/p>\n<\/li>\n<li>\n<p>Voc\u00ea tem menos de 18 anos. N\u00e3o use em beb\u00eas e crian\u00e7as.<\/p>\n<\/li>\n<li>\n<p>Seu couro cabeludo est\u00e1 vermelho, inflamado, infectado, irritado ou dolorido<\/p>\n<\/li>\n<li>\n<p>Voc\u00ea usa outros medicamentos no couro cabeludo<\/p>\n<\/li>\n<\/ul>\n<p><strong>Consulte um m\u00e9dico antes de usar se voc\u00ea tem doen\u00e7a card\u00edaca.<\/strong><\/p>\n<p><strong>Ao usar este produto:<\/strong><\/p>\n<ul>\n<li>\n<p>N\u00e3o aplique em outras partes do corpo<\/p>\n<\/li>\n<li>\n<p>Evite contato com os olhos. Em caso de contato acidental, enx\u00e1gue os olhos com bastante \u00e1gua fria corrente.<\/p>\n<\/li>\n<li>\n<p>Algumas pessoas podem experimentar altera\u00e7\u00f5es na cor e\/ou textura do cabelo<\/p>\n<\/li>\n<li>\n<p>\u00c9 necess\u00e1rio tempo para o crescimento do cabelo. Os resultados podem ocorrer em 2 meses com uso duas vezes ao dia. Para alguns homens, pode ser necess\u00e1rio usar este produto por pelo menos 4 meses antes de ver resultados. A quantidade de crescimento capilar \u00e9 diferente para cada pessoa. Este produto n\u00e3o funcionar\u00e1 para todos os homens.<\/p>\n<\/li>\n<\/ul>\n<p><strong>Interrompa o uso e consulte um m\u00e9dico se:<\/strong><\/p>\n<ul>\n<li>\n<p>Dor no peito, batimentos card\u00edacos r\u00e1pidos, desmaio ou tontura ocorrerem<\/p>\n<\/li>\n<li>\n<p>Ganho de peso s\u00fabito e inexplic\u00e1vel ocorrer<\/p>\n<\/li>\n<li>\n<p>Suas m\u00e3os ou p\u00e9s incharem<\/p>\n<\/li>\n<li>\n<p>Irrita\u00e7\u00e3o ou vermelhid\u00e3o no couro cabeludo ocorrer<\/p>\n<\/li>\n<li>\n<p>Crescimento indesejado de pelos faciais ocorrer<\/p>\n<\/li>\n<li>\n<p>Voc\u00ea n\u00e3o observar crescimento capilar em 4 meses<\/p>\n<\/li>\n<\/ul>\n<p><strong>Pode ser prejudicial se usado durante gravidez ou amamenta\u00e7\u00e3o.<\/strong><br \/>Mantenha fora do alcance de crian\u00e7as.<br \/>Se ingerido, procure ajuda m\u00e9dica ou entre em contato com um Centro de Controle de Intoxica\u00e7\u00f5es imediatamente.<\/p>\n","protected":false},"excerpt":{"rendered":"<p>Aqui est\u00e1 a tradu\u00e7\u00e3o para o portugu\u00eas: Para uso externo somente.Para uso exclusivo de homens. Extremamente inflam\u00e1vel: Evite fogo, chamas ou fumar durante e imediatamente ap\u00f3s a aplica\u00e7\u00e3o. N\u00e3o use se: Voc\u00ea \u00e9 mulher Sua quantidade de queda de cabelo \u00e9 diferente da mostrada na lateral desta caixa ou sua queda de cabelo est\u00e1 na [&#8230;]\n","protected":false},"featured_media":8923,"comment_status":"open","ping_status":"closed","template":"","meta":[],"product_brand":[],"product_cat":[3722,3721],"product_tag":[],"class_list":{"0":"post-8922","1":"product","2":"type-product","3":"status-publish","4":"has-post-thumbnail","6":"product_cat-beauty-wellness","7":"product_cat-health-wellness","9":"first","10":"instock","11":"taxable","12":"shipping-taxable","13":"product-type-simple"},"jetpack_sharing_enabled":true,"_links":{"self":[{"href":"https:\/\/muneka.us\/en\/wp-json\/wp\/v2\/product\/8922","targetHints":{"allow":["GET"]}}],"collection":[{"href":"https:\/\/muneka.us\/en\/wp-json\/wp\/v2\/product"}],"about":[{"href":"https:\/\/muneka.us\/en\/wp-json\/wp\/v2\/types\/product"}],"replies":[{"embeddable":true,"href":"https:\/\/muneka.us\/en\/wp-json\/wp\/v2\/comments?post=8922"}],"wp:featuredmedia":[{"embeddable":true,"href":"https:\/\/muneka.us\/en\/wp-json\/wp\/v2\/media\/8923"}],"wp:attachment":[{"href":"https:\/\/muneka.us\/en\/wp-json\/wp\/v2\/media?parent=8922"}],"wp:term":[{"taxonomy":"product_brand","embeddable":true,"href":"https:\/\/muneka.us\/en\/wp-json\/wp\/v2\/product_brand?post=8922"},{"taxonomy":"product_cat","embeddable":true,"href":"https:\/\/muneka.us\/en\/wp-json\/wp\/v2\/product_cat?post=8922"},{"taxonomy":"product_tag","embeddable":true,"href":"https:\/\/muneka.us\/en\/wp-json\/wp\/v2\/product_tag?post=8922"}],"curies":[{"name":"wp","href":"https:\/\/api.w.org\/{rel}","templated":true}]}}