{"id":8920,"date":"2026-02-11T14:43:08","date_gmt":"2026-02-11T17:43:08","guid":{"rendered":"https:\/\/muneka.us\/product\/haus-labs-by-laday-gaga-triclone-skin-tech-foundation-270-light-medium-neutral\/"},"modified":"2026-02-11T14:43:08","modified_gmt":"2026-02-11T17:43:08","slug":"haus-labs-by-laday-gaga-triclone-skin-tech-foundation-270-light-medium-neutral","status":"publish","type":"product","link":"https:\/\/muneka.us\/en\/product\/haus-labs-by-laday-gaga-triclone-skin-tech-foundation-270-light-medium-neutral\/","title":{"rendered":"Haus Labs by Laday Gaga Triclone Skin Tech Foundation &#8211; 270 Light Medium Neutral"},"content":{"rendered":"<ul data-start=\"294\" data-end=\"429\">\n<li data-start=\"294\" data-end=\"429\">\n<p data-start=\"296\" data-end=\"429\">Base l\u00edquida de <strong data-start=\"312\" data-end=\"345\">cobertura m\u00e9dia e constru\u00edvel<\/strong>, ideal para um acabamento natural e uniforme. <span class=\"\" data-state=\"closed\"><\/span><\/p>\n<\/li>\n<\/ul>\n<p data-start=\"431\" data-end=\"460\"><strong data-start=\"431\" data-end=\"458\">\ud83e\uddf4 F\u00f3rmula e tecnologia<\/strong><\/p>\n<ul data-start=\"461\" data-end=\"1024\">\n<li data-start=\"461\" data-end=\"636\">\n<p data-start=\"463\" data-end=\"636\">Infundida com <strong data-start=\"477\" data-end=\"516\">mais de 20 ingredientes de skincare<\/strong>, incluindo ingredientes patenteados que cuidam da pele enquanto a base \u00e9 usada. <span class=\"\" data-state=\"closed\"><\/span><\/p>\n<\/li>\n<li data-start=\"637\" data-end=\"816\">\n<p data-start=\"639\" data-end=\"816\">Cont\u00e9m <strong data-start=\"646\" data-end=\"667\">Arnica fermentada<\/strong> com patente pendente \u2014 ajuda a <strong data-start=\"699\" data-end=\"775\">reduzir vermelhid\u00e3o, acalmar a pele e proteger contra estresse ambiental<\/strong>. <span class=\"\" data-state=\"closed\"><\/span><\/p>\n<\/li>\n<li data-start=\"817\" data-end=\"1024\">\n<p data-start=\"819\" data-end=\"1024\">Complexos ricos em antioxidantes e agentes calmantes (por exemplo, biofermentados e extratos bot\u00e2nicos) que promovem conforto e melhora visual da pele ao longo do uso. <span class=\"\" data-state=\"closed\"><\/span><\/p>\n<\/li>\n<\/ul>\n<p data-start=\"1026\" data-end=\"1056\"><strong data-start=\"1026\" data-end=\"1054\">\ud83e\uddea Sensa\u00e7\u00e3o e acabamento<\/strong><\/p>\n<ul data-start=\"1057\" data-end=\"1400\">\n<li data-start=\"1057\" data-end=\"1192\">\n<p data-start=\"1059\" data-end=\"1192\">Textura <strong data-start=\"1067\" data-end=\"1098\">leve, semelhante a um s\u00e9rum<\/strong>, que se espalha com facilidade e se funde com a pele. <span class=\"\" data-state=\"closed\"><\/span><\/p>\n<\/li>\n<li data-start=\"1193\" data-end=\"1290\">\n<p data-start=\"1195\" data-end=\"1290\">Acabamento <strong data-start=\"1206\" data-end=\"1228\">natural e luminoso<\/strong>, sem sensa\u00e7\u00e3o pesada. <span class=\"\" data-state=\"closed\"><\/span><\/p>\n<\/li>\n<li data-start=\"1291\" data-end=\"1400\">\n<p data-start=\"1293\" data-end=\"1400\">N\u00e3o escorre nem \u201ccraquela\u201d, mantendo o aspecto suave ao longo do dia. <span class=\"\" data-state=\"closed\"><\/span><\/p>\n<\/li>\n<\/ul>\n<p data-start=\"1402\" data-end=\"1421\"><strong data-start=\"1402\" data-end=\"1419\">\ud83d\udcaa Desempenho<\/strong><\/p>\n<ul data-start=\"1422\" data-end=\"1662\">\n<li data-start=\"1422\" data-end=\"1554\">\n<p data-start=\"1424\" data-end=\"1554\">Cobertura <strong data-start=\"1434\" data-end=\"1457\">m\u00e9dia e constru\u00edvel<\/strong>: voc\u00ea consegue camuflar imperfei\u00e7\u00f5es sem efeito m\u00e1scara. <span class=\"\" data-state=\"closed\"><\/span><\/p>\n<\/li>\n<li data-start=\"1555\" data-end=\"1662\">\n<p data-start=\"1557\" data-end=\"1662\">F\u00f3rmula de <strong data-start=\"1568\" data-end=\"1588\">longo desempenho<\/strong>, adequada ao uso ao longo do dia. <span class=\"\" data-state=\"closed\"><\/span><\/p>\n<\/li>\n<\/ul>\n<p data-start=\"1664\" data-end=\"1692\"><strong data-start=\"1664\" data-end=\"1690\">\ud83c\udf3f Limpeza e seguran\u00e7a<\/strong><\/p>\n<ul data-start=\"1693\" data-end=\"2071\">\n<li data-start=\"1693\" data-end=\"1844\">\n<p data-start=\"1695\" data-end=\"1844\"><strong data-start=\"1695\" data-end=\"1711\">Clean beauty<\/strong>: sem fragr\u00e2ncia forte e formulada sem talco e sem mais de 2.600 ingredientes controversos. <span class=\"\" data-state=\"closed\"><\/span><\/p>\n<\/li>\n<li data-start=\"1845\" data-end=\"1993\">\n<p data-start=\"1847\" data-end=\"1993\"><strong data-start=\"1847\" data-end=\"1867\">N\u00e3o comedog\u00eanica<\/strong> e adequada para <strong data-start=\"1884\" data-end=\"1910\">todos os tipos de pele<\/strong>, inclusive sens\u00edveis e propensas a acne. <span class=\"\" data-state=\"closed\"><\/span><\/p>\n<\/li>\n<li data-start=\"1994\" data-end=\"2071\">\n<p data-start=\"1996\" data-end=\"2071\">Vegana e livre de crueldade animal. <span class=\"\" data-state=\"closed\"><\/span><\/p>\n<\/li>\n<\/ul>\n<h3 data-start=\"2073\" data-end=\"2118\">\ud83c\udfa8 Sobre o tom <em data-start=\"2092\" data-end=\"2118\">270 Light Medium Neutral<\/em><\/h3>\n<ul data-start=\"2120\" data-end=\"2486\">\n<li data-start=\"2120\" data-end=\"2341\">\n<p data-start=\"2122\" data-end=\"2341\">Pertence \u00e0 fam\u00edlia <strong data-start=\"2141\" data-end=\"2157\">Light Medium<\/strong> com <strong data-start=\"2162\" data-end=\"2197\">undertone neutro\/peach vibrante<\/strong>, ou seja, indicado para peles de tonalidade clara-m\u00e9dia com subtom equilibrado (entre quente e frio). <span class=\"\" data-state=\"closed\"><\/span><\/p>\n<\/li>\n<li data-start=\"2342\" data-end=\"2486\">\n<p data-start=\"2344\" data-end=\"2486\">A marca possui uma gama de <strong data-start=\"2371\" data-end=\"2382\">51 tons<\/strong> para melhor adaptabilidade a diferentes tons e subtons de pele.&nbsp;<\/p>\n<\/li>\n<\/ul>\n","protected":false},"excerpt":{"rendered":"<p>Base l\u00edquida de cobertura m\u00e9dia e constru\u00edvel, ideal para um acabamento natural e uniforme. \ud83e\uddf4 F\u00f3rmula e tecnologia Infundida com mais de 20 ingredientes de skincare, incluindo ingredientes patenteados que cuidam da pele enquanto a base \u00e9 usada. Cont\u00e9m Arnica fermentada com patente pendente \u2014 ajuda a reduzir vermelhid\u00e3o, acalmar a pele e proteger contra [&#8230;]\n","protected":false},"featured_media":8921,"comment_status":"open","ping_status":"closed","template":"","meta":[],"product_brand":[],"product_cat":[3722],"product_tag":[],"class_list":{"0":"post-8920","1":"product","2":"type-product","3":"status-publish","4":"has-post-thumbnail","6":"product_cat-beauty-wellness","8":"first","9":"instock","10":"taxable","11":"shipping-taxable","12":"product-type-simple"},"jetpack_sharing_enabled":true,"_links":{"self":[{"href":"https:\/\/muneka.us\/en\/wp-json\/wp\/v2\/product\/8920","targetHints":{"allow":["GET"]}}],"collection":[{"href":"https:\/\/muneka.us\/en\/wp-json\/wp\/v2\/product"}],"about":[{"href":"https:\/\/muneka.us\/en\/wp-json\/wp\/v2\/types\/product"}],"replies":[{"embeddable":true,"href":"https:\/\/muneka.us\/en\/wp-json\/wp\/v2\/comments?post=8920"}],"wp:featuredmedia":[{"embeddable":true,"href":"https:\/\/muneka.us\/en\/wp-json\/wp\/v2\/media\/8921"}],"wp:attachment":[{"href":"https:\/\/muneka.us\/en\/wp-json\/wp\/v2\/media?parent=8920"}],"wp:term":[{"taxonomy":"product_brand","embeddable":true,"href":"https:\/\/muneka.us\/en\/wp-json\/wp\/v2\/product_brand?post=8920"},{"taxonomy":"product_cat","embeddable":true,"href":"https:\/\/muneka.us\/en\/wp-json\/wp\/v2\/product_cat?post=8920"},{"taxonomy":"product_tag","embeddable":true,"href":"https:\/\/muneka.us\/en\/wp-json\/wp\/v2\/product_tag?post=8920"}],"curies":[{"name":"wp","href":"https:\/\/api.w.org\/{rel}","templated":true}]}}