{"id":8916,"date":"2026-02-11T16:35:44","date_gmt":"2026-02-11T19:35:44","guid":{"rendered":"https:\/\/muneka.us\/product\/essence-lash-without-limits-extreme-lengthening-volume-mascara-01-ultra-black\/"},"modified":"2026-02-11T16:35:44","modified_gmt":"2026-02-11T19:35:44","slug":"essence-lash-without-limits-extreme-lengthening-volume-mascara-01-ultra-black","status":"publish","type":"product","link":"https:\/\/muneka.us\/en\/product\/essence-lash-without-limits-extreme-lengthening-volume-mascara-01-ultra-black\/","title":{"rendered":"essence Lash Without Limits Extreme Lengthening &amp; Volume Mascara, 01 Ultra Black"},"content":{"rendered":"<p data-start=\"0\" data-end=\"129\">Prepare-se para levar seus c\u00edlios a novos patamares com a <strong data-start=\"58\" data-end=\"126\">essence Lash Without Limits Extreme Lengthening &amp; Volume Mascara<\/strong>.<\/p>\n<p data-start=\"131\" data-end=\"222\">Experimente c\u00edlios que desafiam a gravidade, com <strong data-start=\"180\" data-end=\"219\">comprimento extra e volume incr\u00edvel<\/strong>.<\/p>\n<p data-start=\"224\" data-end=\"403\">Nossa escova flex\u00edvel de elast\u00f4mero garante <strong data-start=\"268\" data-end=\"289\">aplica\u00e7\u00e3o precisa<\/strong>, alcan\u00e7ando at\u00e9 os c\u00edlios mais curtos, enquanto o tom <strong data-start=\"344\" data-end=\"359\">ultra preto<\/strong> adiciona um toque de drama ao seu visual!<\/p>\n<p data-start=\"405\" data-end=\"502\" data-is-last-node=\"\" data-is-only-node=\"\">Esta m\u00e1scara tamb\u00e9m est\u00e1 dispon\u00edvel na vers\u00e3o <strong data-start=\"451\" data-end=\"461\">marrom<\/strong>, para um efeito mais natural nos c\u00edlios.<\/p>\n","protected":false},"excerpt":{"rendered":"<p>Prepare-se para levar seus c\u00edlios a novos patamares com a essence Lash Without Limits Extreme Lengthening &amp; Volume Mascara. Experimente c\u00edlios que desafiam a gravidade, com comprimento extra e volume incr\u00edvel. Nossa escova flex\u00edvel de elast\u00f4mero garante aplica\u00e7\u00e3o precisa, alcan\u00e7ando at\u00e9 os c\u00edlios mais curtos, enquanto o tom ultra preto adiciona um toque de drama [&#8230;]\n","protected":false},"featured_media":8917,"comment_status":"open","ping_status":"closed","template":"","meta":[],"product_brand":[],"product_cat":[3722],"product_tag":[],"class_list":{"0":"post-8916","1":"product","2":"type-product","3":"status-publish","4":"has-post-thumbnail","6":"product_cat-beauty-wellness","8":"first","9":"instock","10":"taxable","11":"shipping-taxable","12":"product-type-simple"},"jetpack_sharing_enabled":true,"_links":{"self":[{"href":"https:\/\/muneka.us\/en\/wp-json\/wp\/v2\/product\/8916","targetHints":{"allow":["GET"]}}],"collection":[{"href":"https:\/\/muneka.us\/en\/wp-json\/wp\/v2\/product"}],"about":[{"href":"https:\/\/muneka.us\/en\/wp-json\/wp\/v2\/types\/product"}],"replies":[{"embeddable":true,"href":"https:\/\/muneka.us\/en\/wp-json\/wp\/v2\/comments?post=8916"}],"wp:featuredmedia":[{"embeddable":true,"href":"https:\/\/muneka.us\/en\/wp-json\/wp\/v2\/media\/8917"}],"wp:attachment":[{"href":"https:\/\/muneka.us\/en\/wp-json\/wp\/v2\/media?parent=8916"}],"wp:term":[{"taxonomy":"product_brand","embeddable":true,"href":"https:\/\/muneka.us\/en\/wp-json\/wp\/v2\/product_brand?post=8916"},{"taxonomy":"product_cat","embeddable":true,"href":"https:\/\/muneka.us\/en\/wp-json\/wp\/v2\/product_cat?post=8916"},{"taxonomy":"product_tag","embeddable":true,"href":"https:\/\/muneka.us\/en\/wp-json\/wp\/v2\/product_tag?post=8916"}],"curies":[{"name":"wp","href":"https:\/\/api.w.org\/{rel}","templated":true}]}}