{"id":8914,"date":"2026-02-12T11:11:02","date_gmt":"2026-02-12T14:11:02","guid":{"rendered":"https:\/\/muneka.us\/product\/youtheory-collagen-biotin-advanced-collagen-supplement-with-hydrolyzed-peptides-vitamin-c-vitamin-b-supports-hair-growth-nail-health-skin-390-tablets\/"},"modified":"2026-02-12T11:11:02","modified_gmt":"2026-02-12T14:11:02","slug":"youtheory-collagen-biotin-advanced-collagen-supplement-with-hydrolyzed-peptides-vitamin-c-vitamin-b-supports-hair-growth-nail-health-skin-390-tablets","status":"publish","type":"product","link":"https:\/\/muneka.us\/en\/product\/youtheory-collagen-biotin-advanced-collagen-supplement-with-hydrolyzed-peptides-vitamin-c-vitamin-b-supports-hair-growth-nail-health-skin-390-tablets\/","title":{"rendered":"Youtheory Collagen + Biotin &#8211; Advanced Collagen Supplement &#8211; with Hydrolyzed Peptides, Vitamin C &amp; Vitamin B &#8211; Supports Hair Growth, Nail Health &amp; Skin &#8211; 390 Tablets"},"content":{"rendered":"<div class=\"flex flex-col text-sm pb-25\">\n<article class=\"text-token-text-primary w-full focus:outline-none [--shadow-height:45px] has-data-writing-block:pointer-events-none has-data-writing-block:-mt-(--shadow-height) has-data-writing-block:pt-(--shadow-height) [&amp;:has([data-writing-block])&gt;*]:pointer-events-auto scroll-mt-[calc(var(--header-height)+min(200px,max(70px,20svh)))]\" dir=\"auto\" data-turn-id=\"request-WEB:178835c5-9af3-4efe-9440-2f6a11c39c92-4\" data-testid=\"conversation-turn-10\" data-scroll-anchor=\"true\" data-turn=\"assistant\">\n<div class=\"text-base my-auto mx-auto pb-10 [--thread-content-margin:--spacing(4)] @w-sm\/main:[--thread-content-margin:--spacing(6)] @w-lg\/main:[--thread-content-margin:--spacing(16)] px-(--thread-content-margin)\">\n<div class=\"[--thread-content-max-width:40rem] @w-lg\/main:[--thread-content-max-width:48rem] mx-auto max-w-(--thread-content-max-width) flex-1 group\/turn-messages focus-visible:outline-hidden relative flex w-full min-w-0 flex-col agent-turn\">\n<div class=\"flex max-w-full flex-col grow\">\n<div data-message-author-role=\"assistant\" data-message-id=\"338f7a58-eaef-4d62-bcef-e108248ff883\" dir=\"auto\" class=\"min-h-8 text-message relative flex w-full flex-col items-end gap-2 text-start break-words whitespace-normal [.text-message+&amp;]:mt-1\" data-message-model-slug=\"gpt-5-2\">\n<div class=\"flex w-full flex-col gap-1 empty:hidden first:pt-[1px]\">\n<div class=\"markdown prose dark:prose-invert w-full wrap-break-word light markdown-new-styling\">\n<p data-start=\"144\" data-end=\"346\">Suplemento alimentar em comprimidos que combina <strong data-start=\"192\" data-end=\"216\">col\u00e1geno hidrolisado<\/strong> com <strong data-start=\"221\" data-end=\"232\">biotina<\/strong> e vitamina C para apoiar a <strong data-start=\"260\" data-end=\"307\">sa\u00fade da pele, cabelo, unhas e articula\u00e7\u00f5es<\/strong>. <span class=\"\" data-state=\"closed\"><\/span><\/p>\n<hr data-start=\"348\" data-end=\"351\">\n<h3 data-start=\"353\" data-end=\"386\">\ud83c\udf1f Principais caracter\u00edsticas<\/h3>\n<p data-start=\"388\" data-end=\"412\"><strong data-start=\"388\" data-end=\"410\">\ud83d\udc8a F\u00f3rmula potente<\/strong><\/p>\n<ul data-start=\"413\" data-end=\"1018\">\n<li data-start=\"413\" data-end=\"578\">\n<p data-start=\"415\" data-end=\"578\">Fornece cerca de <strong data-start=\"432\" data-end=\"485\">6 g (6 000 mg) de col\u00e1geno hidrolisado por por\u00e7\u00e3o<\/strong> para ajudar a <strong data-start=\"500\" data-end=\"537\">repor o col\u00e1geno natural do corpo<\/strong>. <span class=\"\" data-state=\"closed\"><\/span><\/p>\n<\/li>\n<li data-start=\"579\" data-end=\"724\">\n<p data-start=\"581\" data-end=\"724\">Combina <strong data-start=\"589\" data-end=\"616\">col\u00e1geno tipos 1, 2 e 3<\/strong>, que s\u00e3o importantes para pele, tend\u00f5es, ligamentos e articula\u00e7\u00f5es. <span class=\"\" data-state=\"closed\"><\/span><\/p>\n<\/li>\n<li data-start=\"725\" data-end=\"868\">\n<p data-start=\"727\" data-end=\"868\">Enriquecido com <strong data-start=\"743\" data-end=\"754\">biotina<\/strong>, nutriente associado ao suporte do crescimento capilar e sa\u00fade das unhas. <span class=\"\" data-state=\"closed\"><\/span><\/p>\n<\/li>\n<li data-start=\"869\" data-end=\"1018\">\n<p data-start=\"871\" data-end=\"1018\">Cont\u00e9m <strong data-start=\"878\" data-end=\"892\">vitamina C<\/strong>, que <strong data-start=\"898\" data-end=\"940\">auxilia a forma\u00e7\u00e3o natural de col\u00e1geno<\/strong> no organismo e tem fun\u00e7\u00e3o antioxidante. <span class=\"\" data-state=\"closed\"><\/span><\/p>\n<\/li>\n<\/ul>\n<p data-start=\"1020\" data-end=\"1048\"><strong data-start=\"1020\" data-end=\"1046\">\u2728 Benef\u00edcios esperados<\/strong><\/p>\n<ul data-start=\"1049\" data-end=\"1338\">\n<li data-start=\"1049\" data-end=\"1146\">\n<p data-start=\"1051\" data-end=\"1146\"><strong data-start=\"1051\" data-end=\"1105\">Pele mais firme, el\u00e1stica e com apar\u00eancia saud\u00e1vel<\/strong>. <span class=\"\" data-state=\"closed\"><\/span><\/p>\n<\/li>\n<li data-start=\"1147\" data-end=\"1236\">\n<p data-start=\"1149\" data-end=\"1236\"><strong data-start=\"1149\" data-end=\"1195\">Cabelo mais forte e unhas mais resistentes<\/strong>. <span class=\"\" data-state=\"closed\"><\/span><\/p>\n<\/li>\n<li data-start=\"1237\" data-end=\"1338\">\n<p data-start=\"1239\" data-end=\"1338\"><strong data-start=\"1239\" data-end=\"1297\">Suporte \u00e0 sa\u00fade das articula\u00e7\u00f5es e tecidos conjuntivos<\/strong>. <span class=\"\" data-state=\"closed\"><\/span><\/p>\n<\/li>\n<\/ul>\n<p data-start=\"1340\" data-end=\"1361\"><strong data-start=\"1340\" data-end=\"1359\">\ud83d\udce6 Apresenta\u00e7\u00e3o<\/strong><\/p>\n<ul data-start=\"1362\" data-end=\"1531\">\n<li data-start=\"1362\" data-end=\"1531\">\n<p data-start=\"1364\" data-end=\"1531\">Frasco com <strong data-start=\"1375\" data-end=\"1394\">390 comprimidos<\/strong>, normalmente suficiente para <strong data-start=\"1424\" data-end=\"1444\">cerca de 65 dias<\/strong> de suplementa\u00e7\u00e3o di\u00e1ria (6 comprimidos por dia). <span class=\"\" data-state=\"closed\"><\/span><\/p>\n<\/li>\n<\/ul>\n<p data-start=\"1533\" data-end=\"1564\"><strong data-start=\"1533\" data-end=\"1562\">\ud83e\uddfe Informa\u00e7\u00f5es adicionais<\/strong><\/p>\n<ul data-start=\"1565\" data-end=\"1938\">\n<li data-start=\"1565\" data-end=\"1684\">\n<p data-start=\"1567\" data-end=\"1684\">Geralmente <strong data-start=\"1578\" data-end=\"1607\">livre de gl\u00faten e lactose<\/strong> (confira sempre o r\u00f3tulo do lote). <span class=\"\" data-state=\"closed\"><\/span><\/p>\n<\/li>\n<li data-start=\"1685\" data-end=\"1782\">\n<p data-start=\"1687\" data-end=\"1782\">Produto <strong data-start=\"1695\" data-end=\"1711\">n\u00e3o \u00e9 vegano<\/strong> (origem animal do col\u00e1geno). <span class=\"\" data-state=\"closed\"><\/span><\/p>\n<\/li>\n<li data-start=\"1783\" data-end=\"1938\">\n<p data-start=\"1785\" data-end=\"1938\">Recomendado para adultos; <strong data-start=\"1811\" data-end=\"1897\">n\u00e3o indicado para gestantes, lactantes ou menores de 18 anos sem orienta\u00e7\u00e3o m\u00e9dica<\/strong>. <span class=\"\" data-state=\"closed\"><\/span><\/p>\n<\/li>\n<\/ul>\n<hr data-start=\"1940\" data-end=\"1943\">\n<h3 data-start=\"1945\" data-end=\"1963\">\ud83d\udccc Como usar<\/h3>\n<p data-start=\"1964\" data-end=\"2136\">A recomenda\u00e7\u00e3o comum \u00e9 <strong data-start=\"1987\" data-end=\"2018\">tomar 6 comprimidos por dia<\/strong>, que podem ser ingeridos de uma s\u00f3 vez ou divididos ao longo do dia com \u00e1gua. <span class=\"\" data-state=\"closed\"><\/span><\/p>\n<hr data-start=\"2138\" data-end=\"2141\">\n<p data-start=\"2143\" data-end=\"2255\">Se quiser, posso explicar <strong data-start=\"2169\" data-end=\"2212\">como o col\u00e1geno + biotina atua no corpo<\/strong> (ex.: o que cada um faz) de forma simples!<\/p>\n<\/div>\n<\/div>\n<\/div>\n<\/div>\n<div class=\"z-0 flex min-h-[46px] justify-start\"><\/div>\n<\/div>\n<\/div>\n<\/article>\n<\/div>\n<div aria-hidden=\"true\" data-edge=\"true\" class=\"pointer-events-none h-px w-px absolute bottom-0\"><\/div>\n","protected":false},"excerpt":{"rendered":"<p>Suplemento alimentar em comprimidos que combina col\u00e1geno hidrolisado com biotina e vitamina C para apoiar a sa\u00fade da pele, cabelo, unhas e articula\u00e7\u00f5es. \ud83c\udf1f Principais caracter\u00edsticas \ud83d\udc8a F\u00f3rmula potente Fornece cerca de 6 g (6 000 mg) de col\u00e1geno hidrolisado por por\u00e7\u00e3o para ajudar a repor o col\u00e1geno natural do corpo. Combina col\u00e1geno tipos 1, [&#8230;]\n","protected":false},"featured_media":8915,"comment_status":"open","ping_status":"closed","template":"","meta":[],"product_brand":[],"product_cat":[3722,3721],"product_tag":[],"class_list":{"0":"post-8914","1":"product","2":"type-product","3":"status-publish","4":"has-post-thumbnail","6":"product_cat-beauty-wellness","7":"product_cat-health-wellness","9":"first","10":"instock","11":"taxable","12":"shipping-taxable","13":"product-type-simple"},"jetpack_sharing_enabled":true,"_links":{"self":[{"href":"https:\/\/muneka.us\/en\/wp-json\/wp\/v2\/product\/8914","targetHints":{"allow":["GET"]}}],"collection":[{"href":"https:\/\/muneka.us\/en\/wp-json\/wp\/v2\/product"}],"about":[{"href":"https:\/\/muneka.us\/en\/wp-json\/wp\/v2\/types\/product"}],"replies":[{"embeddable":true,"href":"https:\/\/muneka.us\/en\/wp-json\/wp\/v2\/comments?post=8914"}],"wp:featuredmedia":[{"embeddable":true,"href":"https:\/\/muneka.us\/en\/wp-json\/wp\/v2\/media\/8915"}],"wp:attachment":[{"href":"https:\/\/muneka.us\/en\/wp-json\/wp\/v2\/media?parent=8914"}],"wp:term":[{"taxonomy":"product_brand","embeddable":true,"href":"https:\/\/muneka.us\/en\/wp-json\/wp\/v2\/product_brand?post=8914"},{"taxonomy":"product_cat","embeddable":true,"href":"https:\/\/muneka.us\/en\/wp-json\/wp\/v2\/product_cat?post=8914"},{"taxonomy":"product_tag","embeddable":true,"href":"https:\/\/muneka.us\/en\/wp-json\/wp\/v2\/product_tag?post=8914"}],"curies":[{"name":"wp","href":"https:\/\/api.w.org\/{rel}","templated":true}]}}