{"id":8912,"date":"2026-02-13T00:20:19","date_gmt":"2026-02-13T03:20:19","guid":{"rendered":"https:\/\/muneka.us\/product\/simplex-compact-folding-wood-dining-chairs-set-of-2-no-assembly-pu-leather-cushions-400-lb-load-capacity-space-saving-design-for-apartment-kitchen-use\/"},"modified":"2026-02-13T00:20:19","modified_gmt":"2026-02-13T03:20:19","slug":"simplex-compact-folding-wood-dining-chairs-set-of-2-no-assembly-pu-leather-cushions-400-lb-load-capacity-space-saving-design-for-apartment-kitchen-use","status":"publish","type":"product","link":"https:\/\/muneka.us\/en\/product\/simplex-compact-folding-wood-dining-chairs-set-of-2-no-assembly-pu-leather-cushions-400-lb-load-capacity-space-saving-design-for-apartment-kitchen-use\/","title":{"rendered":"SIMPLEX Compact Folding Wood Dining Chairs (Set of 2) \u2013 No Assembly, PU Leather Cushions, 400\u202flb Load Capacity, Space-Saving Design for Apartment &amp; Kitchen Use"},"content":{"rendered":"<li data-start=\"503\" data-end=\"650\">\n<p data-start=\"505\" data-end=\"650\">As cadeiras&nbsp;<span data-start=\"319\" data-end=\"342\" style=\"font-weight: bolder\">n\u00e3o exigem montagem<\/span>&nbsp;\u2014 chegam&nbsp;<span data-start=\"352\" data-end=\"368\" style=\"font-weight: bolder\">pr\u00e9-montadas<\/span>&nbsp;e prontas para uso, sem necessidade de ferramentas ou parafusos.<\/p>\n<\/li>\n<li data-start=\"503\" data-end=\"650\">\n<p data-start=\"505\" data-end=\"650\">Constru\u00eddas com&nbsp;<span data-start=\"521\" data-end=\"565\" style=\"font-weight: bolder\">estrutura de madeira maci\u00e7a (rubberwood)<\/span>&nbsp;e&nbsp;<span data-start=\"568\" data-end=\"592\" style=\"font-weight: bolder\">travessas refor\u00e7adas<\/span>, proporcionando durabilidade e firmeza para uso di\u00e1rio.<\/p>\n<\/li>\n<li data-start=\"651\" data-end=\"787\">\n<p data-start=\"653\" data-end=\"787\">Cada cadeira suporta at\u00e9&nbsp;<span data-start=\"678\" data-end=\"698\" style=\"font-weight: bolder\">400 lb (~181 kg)<\/span>&nbsp;de peso, oferecendo excelente capacidade de carga.<\/p>\n<\/li>\n","protected":false},"excerpt":{"rendered":"<p>As cadeiras&nbsp;n\u00e3o exigem montagem&nbsp;\u2014 chegam&nbsp;pr\u00e9-montadas&nbsp;e prontas para uso, sem necessidade de ferramentas ou parafusos. Constru\u00eddas com&nbsp;estrutura de madeira maci\u00e7a (rubberwood)&nbsp;e&nbsp;travessas refor\u00e7adas, proporcionando durabilidade e firmeza para uso di\u00e1rio. Cada cadeira suporta at\u00e9&nbsp;400 lb (~181 kg)&nbsp;de peso, oferecendo excelente capacidade de carga.<\/p>\n","protected":false},"featured_media":8913,"comment_status":"open","ping_status":"closed","template":"","meta":[],"product_brand":[],"product_cat":[3773,3769],"product_tag":[],"class_list":{"0":"post-8912","1":"product","2":"type-product","3":"status-publish","4":"has-post-thumbnail","6":"product_cat-decoration-and-design","7":"product_cat-home-decor","9":"first","10":"instock","11":"taxable","12":"shipping-taxable","13":"product-type-simple"},"jetpack_sharing_enabled":true,"_links":{"self":[{"href":"https:\/\/muneka.us\/en\/wp-json\/wp\/v2\/product\/8912","targetHints":{"allow":["GET"]}}],"collection":[{"href":"https:\/\/muneka.us\/en\/wp-json\/wp\/v2\/product"}],"about":[{"href":"https:\/\/muneka.us\/en\/wp-json\/wp\/v2\/types\/product"}],"replies":[{"embeddable":true,"href":"https:\/\/muneka.us\/en\/wp-json\/wp\/v2\/comments?post=8912"}],"wp:featuredmedia":[{"embeddable":true,"href":"https:\/\/muneka.us\/en\/wp-json\/wp\/v2\/media\/8913"}],"wp:attachment":[{"href":"https:\/\/muneka.us\/en\/wp-json\/wp\/v2\/media?parent=8912"}],"wp:term":[{"taxonomy":"product_brand","embeddable":true,"href":"https:\/\/muneka.us\/en\/wp-json\/wp\/v2\/product_brand?post=8912"},{"taxonomy":"product_cat","embeddable":true,"href":"https:\/\/muneka.us\/en\/wp-json\/wp\/v2\/product_cat?post=8912"},{"taxonomy":"product_tag","embeddable":true,"href":"https:\/\/muneka.us\/en\/wp-json\/wp\/v2\/product_tag?post=8912"}],"curies":[{"name":"wp","href":"https:\/\/api.w.org\/{rel}","templated":true}]}}