{"id":8895,"date":"2026-02-16T11:27:48","date_gmt":"2026-02-16T14:27:48","guid":{"rendered":"https:\/\/muneka.us\/product\/reebok-nano-x4-mens-shoes-cross-training-gym-sneakers-for-men-2\/"},"modified":"2026-02-16T11:27:48","modified_gmt":"2026-02-16T14:27:48","slug":"reebok-nano-x4-mens-shoes-cross-training-gym-sneakers-for-men-2","status":"publish","type":"product","link":"https:\/\/muneka.us\/en\/product\/reebok-nano-x4-mens-shoes-cross-training-gym-sneakers-for-men-2\/","title":{"rendered":"Reebok Nano X4 Mens Shoes, Cross Training Gym Sneakers for Men"},"content":{"rendered":"<h3 data-start=\"162\" data-end=\"203\">\u2b50 Produtos Femininos Reebok Nano X4<\/h3>\n<p data-start=\"204\" data-end=\"692\"><strong data-start=\"204\" data-end=\"245\">Reebok T\u00eanis Feminino Nano X4<\/strong> \u2013 T\u00eanis feminino para treino, vers\u00e1til e confort\u00e1vel.<br data-start=\"299\" data-end=\"302\"><br \/>\n<strong data-start=\"302\" data-end=\"343\">T\u00caNIS REEBOK NANO X4 BOLD PINK<\/strong> \u2013 Vers\u00e3o colorida rosa com bom custo-benef\u00edcio.<br data-start=\"391\" data-end=\"394\"><br \/>\n<strong data-start=\"394\" data-end=\"435\">Reebok T\u00eanis feminino Nano X4, branco\/cinza<\/strong> \u2013 Outra op\u00e7\u00e3o de cor para treino e uso di\u00e1rio.<br data-start=\"482\" data-end=\"485\"><br \/>\n<strong data-start=\"485\" data-end=\"526\">T\u00eanis Reebok Nano X4 &#8211; Feminino<\/strong> \u2013 Tamb\u00e9m dispon\u00edvel em lojas populares do Brasil.<br data-start=\"576\" data-end=\"579\"><br \/>\n<em data-start=\"579\" data-end=\"690\">(tamb\u00e9m h\u00e1 outras vers\u00f5es como <span class=\"entity-underline hover:entity-accent inline cursor-pointer align-baseline\"><span class=\"whitespace-normal\">T\u00eanis Reebok Nano X4 feminino<\/span><\/span> e <span class=\"entity-underline hover:entity-accent inline cursor-pointer align-baseline\"><span class=\"whitespace-normal\">Reebok T\u00eanis feminino Nano X4, Argila\/argila lavada\/branco<\/span><\/span>)<\/em><\/p>\n<hr data-start=\"694\" data-end=\"697\">\n<h2 data-start=\"699\" data-end=\"771\">\ud83c\udfc3\u200d\u2640\ufe0f <strong data-start=\"708\" data-end=\"771\">Caracter\u00edsticas Principais do T\u00eanis Reebok Nano X4 Feminino<\/strong><\/h2>\n<h3 data-start=\"773\" data-end=\"798\">\ud83d\udcaa Desempenho e Uso<\/h3>\n<ul data-start=\"799\" data-end=\"1072\">\n<li data-start=\"799\" data-end=\"937\">\n<p data-start=\"801\" data-end=\"937\">Projetado para <strong data-start=\"816\" data-end=\"896\">treinos funcionais, cross-training, HIIT, levantamento e sess\u00f5es de academia<\/strong>. <span class=\"\" data-state=\"closed\"><\/span><\/p>\n<\/li>\n<li data-start=\"938\" data-end=\"1072\">\n<p data-start=\"940\" data-end=\"1072\">Combina <strong data-start=\"948\" data-end=\"995\">estabilidade, amortecimento e flexibilidade<\/strong> para diferentes tipos de movimentos. <span class=\"\" data-state=\"closed\"><\/span><\/p>\n<\/li>\n<\/ul>\n<h3 data-start=\"1074\" data-end=\"1101\">\ud83e\uddf5 Cabedal e Conforto<\/h3>\n<ul data-start=\"1102\" data-end=\"1387\">\n<li data-start=\"1102\" data-end=\"1258\">\n<p data-start=\"1104\" data-end=\"1258\"><strong data-start=\"1104\" data-end=\"1133\">Cabedal Flexweave\u00ae t\u00eaxtil<\/strong>, ultraleve e respir\u00e1vel, com painel de ventila\u00e7\u00e3o no mediop\u00e9 para maior fluxo de ar. <span class=\"\" data-state=\"closed\"><\/span><\/p>\n<\/li>\n<li data-start=\"1259\" data-end=\"1387\">\n<p data-start=\"1261\" data-end=\"1387\"><strong data-start=\"1261\" data-end=\"1290\">Painel de malha ventilada<\/strong> ajuda a manter os p\u00e9s frescos mesmo em treinos intensos. <span class=\"\" data-state=\"closed\"><\/span><\/p>\n<\/li>\n<\/ul>\n<h3 data-start=\"1389\" data-end=\"1409\">\u2699\ufe0f Tecnologias<\/h3>\n<ul data-start=\"1410\" data-end=\"2163\">\n<li data-start=\"1410\" data-end=\"1605\">\n<p data-start=\"1412\" data-end=\"1605\"><strong data-start=\"1412\" data-end=\"1453\">Sistema Lift and Run Chassis (L.A.R.)<\/strong> \u2014 ajusta estabilidade e resposta dependendo do movimento (est\u00e1vel para levantamento, responsivo para saltos). <span class=\"\" data-state=\"closed\"><\/span><\/p>\n<\/li>\n<li data-start=\"1606\" data-end=\"1759\">\n<p data-start=\"1608\" data-end=\"1759\"><strong data-start=\"1608\" data-end=\"1633\">Floatride Energy Foam<\/strong> \u2014 tecnologia de amortecimento leve e responsiva para conforto e retorno de energia. <span class=\"\" data-state=\"closed\"><\/span><\/p>\n<\/li>\n<li data-start=\"1760\" data-end=\"1880\">\n<p data-start=\"1762\" data-end=\"1880\"><strong data-start=\"1762\" data-end=\"1792\">Solado de borracha dur\u00e1vel<\/strong> com tra\u00e7\u00e3o eficaz para superf\u00edcies de treino. <span class=\"\" data-state=\"closed\"><\/span><\/p>\n<\/li>\n<li data-start=\"1881\" data-end=\"2001\">\n<p data-start=\"1883\" data-end=\"2001\"><strong data-start=\"1883\" data-end=\"1900\">Drop de ~7 mm<\/strong> \u2014 facilita transi\u00e7\u00f5es suaves do calcanhar \u00e0 ponta dos p\u00e9s. <span class=\"\" data-state=\"closed\"><\/span><\/p>\n<\/li>\n<li data-start=\"2002\" data-end=\"2163\">\n<p data-start=\"2004\" data-end=\"2163\">Em algumas vers\u00f5es h\u00e1 <strong data-start=\"2026\" data-end=\"2049\">tecnologia ROPE PRO<\/strong> refor\u00e7ando tra\u00e7\u00e3o nas \u00e1reas de maior desgaste (ex.: treinos com corda). <span class=\"\" data-state=\"closed\"><\/span><\/p>\n<\/li>\n<\/ul>\n<h3 data-start=\"2165\" data-end=\"2192\">\ud83d\udc5f Ajuste e Estrutura<\/h3>\n<ul data-start=\"2193\" data-end=\"2546\">\n<li data-start=\"2193\" data-end=\"2295\">\n<p data-start=\"2195\" data-end=\"2295\">Fechamento com <strong data-start=\"2210\" data-end=\"2233\">cadar\u00e7o tradicional<\/strong> para ajuste seguro. <span class=\"\" data-state=\"closed\"><\/span><\/p>\n<\/li>\n<li data-start=\"2296\" data-end=\"2404\">\n<p data-start=\"2298\" data-end=\"2404\"><strong data-start=\"2298\" data-end=\"2341\">Palmilha acolchoada e forro confort\u00e1vel<\/strong> para uso prolongado. <span class=\"\" data-state=\"closed\"><\/span><\/p>\n<\/li>\n<li data-start=\"2405\" data-end=\"2546\">\n<p data-start=\"2407\" data-end=\"2546\">Projetado para oferecer um <strong data-start=\"2434\" data-end=\"2478\">equil\u00edbrio entre estabilidade e conforto<\/strong> durante treinos variados.&nbsp;<\/p>\n<\/li>\n<\/ul>\n","protected":false},"excerpt":{"rendered":"<p>\u2b50 Produtos Femininos Reebok Nano X4 Reebok T\u00eanis Feminino Nano X4 \u2013 T\u00eanis feminino para treino, vers\u00e1til e confort\u00e1vel. T\u00caNIS REEBOK NANO X4 BOLD PINK \u2013 Vers\u00e3o colorida rosa com bom custo-benef\u00edcio. Reebok T\u00eanis feminino Nano X4, branco\/cinza \u2013 Outra op\u00e7\u00e3o de cor para treino e uso di\u00e1rio. T\u00eanis Reebok Nano X4 &#8211; Feminino \u2013 [&#8230;]\n","protected":false},"featured_media":8896,"comment_status":"open","ping_status":"closed","template":"","meta":[],"product_brand":[],"product_cat":[3727,3779],"product_tag":[],"class_list":{"0":"post-8895","1":"product","2":"type-product","3":"status-publish","4":"has-post-thumbnail","6":"product_cat-fashion-style","7":"product_cat-footwear","9":"first","10":"instock","11":"taxable","12":"shipping-taxable","13":"product-type-simple"},"jetpack_sharing_enabled":true,"_links":{"self":[{"href":"https:\/\/muneka.us\/en\/wp-json\/wp\/v2\/product\/8895","targetHints":{"allow":["GET"]}}],"collection":[{"href":"https:\/\/muneka.us\/en\/wp-json\/wp\/v2\/product"}],"about":[{"href":"https:\/\/muneka.us\/en\/wp-json\/wp\/v2\/types\/product"}],"replies":[{"embeddable":true,"href":"https:\/\/muneka.us\/en\/wp-json\/wp\/v2\/comments?post=8895"}],"wp:featuredmedia":[{"embeddable":true,"href":"https:\/\/muneka.us\/en\/wp-json\/wp\/v2\/media\/8896"}],"wp:attachment":[{"href":"https:\/\/muneka.us\/en\/wp-json\/wp\/v2\/media?parent=8895"}],"wp:term":[{"taxonomy":"product_brand","embeddable":true,"href":"https:\/\/muneka.us\/en\/wp-json\/wp\/v2\/product_brand?post=8895"},{"taxonomy":"product_cat","embeddable":true,"href":"https:\/\/muneka.us\/en\/wp-json\/wp\/v2\/product_cat?post=8895"},{"taxonomy":"product_tag","embeddable":true,"href":"https:\/\/muneka.us\/en\/wp-json\/wp\/v2\/product_tag?post=8895"}],"curies":[{"name":"wp","href":"https:\/\/api.w.org\/{rel}","templated":true}]}}