{"id":8883,"date":"2026-02-16T12:07:47","date_gmt":"2026-02-16T15:07:47","guid":{"rendered":"https:\/\/muneka.us\/product\/pipersong-meditation-cross-legged-chair-pro-adhd-chair-with-height-adjustable-backrest-criss-cross-desk-use-with-footrest-and-wheels-for-home-office-flexible-design-for-fidgety-sitters-ivory\/"},"modified":"2026-02-16T12:07:47","modified_gmt":"2026-02-16T15:07:47","slug":"pipersong-meditation-cross-legged-chair-pro-adhd-chair-with-height-adjustable-backrest-criss-cross-desk-use-with-footrest-and-wheels-for-home-office-flexible-design-for-fidgety-sitters-ivory","status":"publish","type":"product","link":"https:\/\/muneka.us\/en\/product\/pipersong-meditation-cross-legged-chair-pro-adhd-chair-with-height-adjustable-backrest-criss-cross-desk-use-with-footrest-and-wheels-for-home-office-flexible-design-for-fidgety-sitters-ivory\/","title":{"rendered":"Pipersong Meditation Cross Legged Chair PRO, ADHD Chair with Height Adjustable Backrest, Criss Cross Desk Use with Footrest and Wheels for Home Office, Flexible Design for Fidgety Sitters, Ivory"},"content":{"rendered":"<h2 data-start=\"322\" data-end=\"358\">\ud83e\ude91 <strong data-start=\"328\" data-end=\"358\">Principais Caracter\u00edsticas<\/strong><\/h2>\n<h3 data-start=\"360\" data-end=\"413\">\ud83e\uddd8\u200d\u2642\ufe0f <strong data-start=\"370\" data-end=\"413\">Design flex\u00edvel para m\u00faltiplas posturas<\/strong><\/h3>\n<ul data-start=\"414\" data-end=\"715\">\n<li data-start=\"414\" data-end=\"567\">\n<p data-start=\"416\" data-end=\"567\">Permite sentar de <strong data-start=\"434\" data-end=\"453\">pernas cruzadas<\/strong>, <strong data-start=\"455\" data-end=\"467\">agachado<\/strong>, <strong data-start=\"469\" data-end=\"482\">ajoelhado<\/strong> ou at\u00e9 na posi\u00e7\u00e3o tradicional de escrit\u00f3rio. <span class=\"\" data-state=\"closed\"><\/span><\/p>\n<\/li>\n<li data-start=\"568\" data-end=\"715\">\n<p data-start=\"570\" data-end=\"715\"><strong data-start=\"570\" data-end=\"596\">Pufe girat\u00f3rio de 360\u00b0<\/strong> para ajustar facilmente a posi\u00e7\u00e3o dos p\u00e9s e do corpo conforme sua prefer\u00eancia. <span class=\"\" data-state=\"closed\"><\/span><\/p>\n<\/li>\n<\/ul>\n<h3 data-start=\"717\" data-end=\"763\">\ud83e\udde0 <strong data-start=\"724\" data-end=\"763\">Ideal para pessoas inquietas \/ TDAH<\/strong><\/h3>\n<ul data-start=\"764\" data-end=\"949\">\n<li data-start=\"764\" data-end=\"949\">\n<p data-start=\"766\" data-end=\"949\">Assento que promove <strong data-start=\"786\" data-end=\"829\">movimento constante e est\u00edmulo corporal<\/strong>, ajudando a reduzir desconforto ou inquieta\u00e7\u00e3o durante longas sess\u00f5es sentadas. <span class=\"\" data-state=\"closed\"><\/span><\/p>\n<\/li>\n<\/ul>\n<h3 data-start=\"951\" data-end=\"980\">\ud83e\udeb6 <strong data-start=\"958\" data-end=\"980\">Conforto e suporte<\/strong><\/h3>\n<ul data-start=\"981\" data-end=\"1310\">\n<li data-start=\"981\" data-end=\"1185\">\n<p data-start=\"983\" data-end=\"1185\">Almofada do assento feita com espuma de <strong data-start=\"1023\" data-end=\"1053\">alta resili\u00eancia + mem\u00f3ria<\/strong>, proporcionando suporte a quadris, p\u00e9s, joelhos e tornozelos enquanto voc\u00ea muda de posi\u00e7\u00e3o. <span class=\"\" data-state=\"closed\"><\/span><\/p>\n<\/li>\n<li data-start=\"1186\" data-end=\"1310\">\n<p data-start=\"1188\" data-end=\"1310\">Encosto acolchoado em forma de meia-lua oferecendo <strong data-start=\"1239\" data-end=\"1269\">suporte lombar confort\u00e1vel<\/strong>. <span class=\"\" data-state=\"closed\"><\/span><\/p>\n<\/li>\n<\/ul>\n<h3 data-start=\"1312\" data-end=\"1364\">\ud83d\udd27 <strong data-start=\"1319\" data-end=\"1364\">Encosto com altura ajust\u00e1vel (vers\u00e3o PRO)<\/strong><\/h3>\n<ul data-start=\"1365\" data-end=\"1559\">\n<li data-start=\"1365\" data-end=\"1559\">\n<p data-start=\"1367\" data-end=\"1559\">O modelo PRO tem <strong data-start=\"1384\" data-end=\"1429\">encosto ajust\u00e1vel em altura (aprox. 5 cm)<\/strong> para maior suporte e conforto nas costas, personalizando conforme seu tamanho ou postura. <span class=\"\" data-state=\"closed\"><\/span><\/p>\n<\/li>\n<\/ul>\n<h3 data-start=\"1561\" data-end=\"1598\">\ud83d\ude80 <strong data-start=\"1568\" data-end=\"1598\">Estrutura segura e dur\u00e1vel<\/strong><\/h3>\n<ul data-start=\"1599\" data-end=\"1895\">\n<li data-start=\"1599\" data-end=\"1775\">\n<p data-start=\"1601\" data-end=\"1775\">Base com <strong data-start=\"1610\" data-end=\"1645\">cilindro gasoso certificado SGS<\/strong>, estrutura de a\u00e7o s\u00f3lida e rod\u00edzios robustos que garantem estabilidade e movimento suave. <span class=\"\" data-state=\"closed\"><\/span><\/p>\n<\/li>\n<li data-start=\"1776\" data-end=\"1895\">\n<p data-start=\"1778\" data-end=\"1895\">Material em <strong data-start=\"1790\" data-end=\"1814\">PU (couro sint\u00e9tico)<\/strong>, f\u00e1cil de limpar e confort\u00e1vel ao toque. <span class=\"\" data-state=\"closed\"><\/span><\/p>\n<\/li>\n<\/ul>\n<hr data-start=\"1897\" data-end=\"1900\">\n<h2 data-start=\"1902\" data-end=\"1940\">\ud83d\udccf <strong data-start=\"1908\" data-end=\"1940\">Especifica\u00e7\u00f5es (aproximadas)<\/strong><\/h2>\n<ul data-start=\"1941\" data-end=\"2469\">\n<li data-start=\"1941\" data-end=\"2075\">\n<p data-start=\"1943\" data-end=\"2075\"><strong data-start=\"1943\" data-end=\"1964\">Dimens\u00f5es totais:<\/strong> cerca de 78 cm de profundidade \u00d7 70 cm de largura \u00d7 78 cm de altura. <span class=\"\" data-state=\"closed\"><\/span><\/p>\n<\/li>\n<li data-start=\"2076\" data-end=\"2169\">\n<p data-start=\"2078\" data-end=\"2169\"><strong data-start=\"2078\" data-end=\"2090\">Assento:<\/strong> cerca de 44,5 cm de largura (17,5\u2033). <span class=\"\" data-state=\"closed\"><\/span><\/p>\n<\/li>\n<li data-start=\"2170\" data-end=\"2262\">\n<p data-start=\"2172\" data-end=\"2262\"><strong data-start=\"2172\" data-end=\"2189\">Peso do item:<\/strong> por volta de ~11,5 kg (25 lb). <span class=\"\" data-state=\"closed\"><\/span><\/p>\n<\/li>\n<li data-start=\"2263\" data-end=\"2347\">\n<p data-start=\"2265\" data-end=\"2347\"><strong data-start=\"2265\" data-end=\"2292\">Capacidade recomendada:<\/strong> at\u00e9 ~113 kg. <span class=\"\" data-state=\"closed\"><\/span><\/p>\n<\/li>\n<li data-start=\"2348\" data-end=\"2469\">\n<p data-start=\"2350\" data-end=\"2469\"><strong data-start=\"2350\" data-end=\"2364\">Uso ideal:<\/strong> superf\u00edcies firmes (n\u00e3o recomendado para tapetes muito altos). <span class=\"\" data-state=\"closed\"><\/span><\/p>\n<\/li>\n<\/ul>\n<hr data-start=\"2471\" data-end=\"2474\">\n<h2 data-start=\"2476\" data-end=\"2504\">\ud83c\udfc6 <strong data-start=\"2482\" data-end=\"2504\">Benef\u00edcios r\u00e1pidos<\/strong><\/h2>\n<p data-start=\"2505\" data-end=\"2913\">\u2714\ufe0f Permite <em data-start=\"2516\" data-end=\"2549\">mudar de posi\u00e7\u00e3o frequentemente<\/em> sem desconforto. <span class=\"\" data-state=\"closed\"><\/span><br data-start=\"2606\" data-end=\"2609\"><br \/>\n\u2714\ufe0f Encosto ajust\u00e1vel <strong data-start=\"2630\" data-end=\"2656\">melhora suporte lombar<\/strong>. <span class=\"\" data-state=\"closed\"><\/span><br data-start=\"2697\" data-end=\"2700\"><br \/>\n\u2714\ufe0f Ideal para <em data-start=\"2714\" data-end=\"2727\">home office<\/em>, estudos ou quem passa muito tempo sentado. <span class=\"\" data-state=\"closed\"><\/span><br data-start=\"2811\" data-end=\"2814\"><br \/>\n\u2714\ufe0f Estrutura dur\u00e1vel e bonita com rod\u00edzios f\u00e1ceis de mover.&nbsp;<span class=\"\" data-state=\"closed\"><\/span><\/p>\n","protected":false},"excerpt":{"rendered":"<p>\ud83e\ude91 Principais Caracter\u00edsticas \ud83e\uddd8\u200d\u2642\ufe0f Design flex\u00edvel para m\u00faltiplas posturas Permite sentar de pernas cruzadas, agachado, ajoelhado ou at\u00e9 na posi\u00e7\u00e3o tradicional de escrit\u00f3rio. Pufe girat\u00f3rio de 360\u00b0 para ajustar facilmente a posi\u00e7\u00e3o dos p\u00e9s e do corpo conforme sua prefer\u00eancia. \ud83e\udde0 Ideal para pessoas inquietas \/ TDAH Assento que promove movimento constante e est\u00edmulo corporal, [&#8230;]\n","protected":false},"featured_media":8884,"comment_status":"open","ping_status":"closed","template":"","meta":[],"product_brand":[],"product_cat":[3773,3769],"product_tag":[],"class_list":{"0":"post-8883","1":"product","2":"type-product","3":"status-publish","4":"has-post-thumbnail","6":"product_cat-decoration-and-design","7":"product_cat-home-decor","9":"first","10":"instock","11":"taxable","12":"shipping-taxable","13":"product-type-simple"},"jetpack_sharing_enabled":true,"_links":{"self":[{"href":"https:\/\/muneka.us\/en\/wp-json\/wp\/v2\/product\/8883","targetHints":{"allow":["GET"]}}],"collection":[{"href":"https:\/\/muneka.us\/en\/wp-json\/wp\/v2\/product"}],"about":[{"href":"https:\/\/muneka.us\/en\/wp-json\/wp\/v2\/types\/product"}],"replies":[{"embeddable":true,"href":"https:\/\/muneka.us\/en\/wp-json\/wp\/v2\/comments?post=8883"}],"wp:featuredmedia":[{"embeddable":true,"href":"https:\/\/muneka.us\/en\/wp-json\/wp\/v2\/media\/8884"}],"wp:attachment":[{"href":"https:\/\/muneka.us\/en\/wp-json\/wp\/v2\/media?parent=8883"}],"wp:term":[{"taxonomy":"product_brand","embeddable":true,"href":"https:\/\/muneka.us\/en\/wp-json\/wp\/v2\/product_brand?post=8883"},{"taxonomy":"product_cat","embeddable":true,"href":"https:\/\/muneka.us\/en\/wp-json\/wp\/v2\/product_cat?post=8883"},{"taxonomy":"product_tag","embeddable":true,"href":"https:\/\/muneka.us\/en\/wp-json\/wp\/v2\/product_tag?post=8883"}],"curies":[{"name":"wp","href":"https:\/\/api.w.org\/{rel}","templated":true}]}}