{"id":8879,"date":"2026-02-16T13:17:12","date_gmt":"2026-02-16T16:17:12","guid":{"rendered":"https:\/\/muneka.us\/product\/medicube-age-r-ultra-tune-40-68-collagen-generation-device-deep-skin-lifting-elastics\/"},"modified":"2026-02-16T13:17:12","modified_gmt":"2026-02-16T16:17:12","slug":"medicube-age-r-ultra-tune-40-68-collagen-generation-device-deep-skin-lifting-elastics","status":"publish","type":"product","link":"https:\/\/muneka.us\/en\/product\/medicube-age-r-ultra-tune-40-68-collagen-generation-device-deep-skin-lifting-elastics\/","title":{"rendered":"Medicube AGE-R Ultra Tune 40.68 Collagen Generation Device Deep Skin Lifting Elastics"},"content":{"rendered":"<div class=\"flex flex-col text-sm pb-25\">\n<article class=\"text-token-text-primary w-full focus:outline-none [--shadow-height:45px] has-data-writing-block:pointer-events-none has-data-writing-block:-mt-(--shadow-height) has-data-writing-block:pt-(--shadow-height) [&amp;:has([data-writing-block])&gt;*]:pointer-events-auto scroll-mt-[calc(var(--header-height)+min(200px,max(70px,20svh)))]\" dir=\"auto\" data-turn-id=\"request-WEB:aad02c99-9698-4513-9d15-61cabb1904c5-7\" data-testid=\"conversation-turn-16\" data-scroll-anchor=\"true\" data-turn=\"assistant\">\n<div class=\"text-base my-auto mx-auto pb-10 [--thread-content-margin:--spacing(4)] @w-sm\/main:[--thread-content-margin:--spacing(6)] @w-lg\/main:[--thread-content-margin:--spacing(16)] px-(--thread-content-margin)\">\n<div class=\"[--thread-content-max-width:40rem] @w-lg\/main:[--thread-content-max-width:48rem] mx-auto max-w-(--thread-content-max-width) flex-1 group\/turn-messages focus-visible:outline-hidden relative flex w-full min-w-0 flex-col agent-turn\">\n<div class=\"flex max-w-full flex-col grow\">\n<div data-message-author-role=\"assistant\" data-message-id=\"e144608f-74fb-4946-8f86-6f4fa6b790c3\" dir=\"auto\" class=\"min-h-8 text-message relative flex w-full flex-col items-end gap-2 text-start break-words whitespace-normal [.text-message+&amp;]:mt-1\" data-message-model-slug=\"gpt-5-mini\">\n<div class=\"flex w-full flex-col gap-1 empty:hidden first:pt-[1px]\">\n<div class=\"markdown prose dark:prose-invert w-full wrap-break-word light markdown-new-styling\">\n<p data-start=\"0\" data-end=\"383\">Eleve sua rotina de cuidados com a pele com o <strong data-start=\"46\" data-end=\"108\">Medicube AGE-R Ultra Tune 40.68 Collagen Generation Device<\/strong>. Alimentado por uma <strong data-start=\"129\" data-end=\"184\">bateria recarreg\u00e1vel de pol\u00edmero de l\u00edtio de 11,1\u202fV<\/strong>, este dispositivo avan\u00e7ado utiliza <strong data-start=\"220\" data-end=\"283\">tecnologia de alta frequ\u00eancia de 40,68\u202fMHz e microcorrentes<\/strong> para penetrar profundamente na pele, estimular a produ\u00e7\u00e3o de col\u00e1geno e restaurar a elasticidade.<\/p>\n<p data-start=\"385\" data-end=\"753\">Projetado para facilidade de uso, suas <strong data-start=\"424\" data-end=\"454\">seis ponteiras ergon\u00f4micas<\/strong> deslizam suavemente pelo rosto, atuando de forma eficaz em \u00e1reas de flacidez, dobras profundas e duplo queixo, proporcionando um <strong data-start=\"584\" data-end=\"614\">efeito lifting instant\u00e2neo<\/strong>. Compacto e port\u00e1til, oferece <strong data-start=\"645\" data-end=\"685\">resultados de qualidade profissional<\/strong> em apenas <strong data-start=\"696\" data-end=\"725\">5 a 10 minutos por sess\u00e3o<\/strong>, sem necessidade de g\u00e9is.<\/p>\n<p data-start=\"755\" data-end=\"819\" data-is-last-node=\"\" data-is-only-node=\"\">Obtenha uma <strong data-start=\"767\" data-end=\"794\">pele mais firme e jovem<\/strong> no conforto da sua casa.<\/p>\n<\/div>\n<\/div>\n<\/div>\n<\/div>\n<div class=\"z-0 flex min-h-[46px] justify-start\"><\/div>\n<\/div>\n<\/div>\n<\/article>\n<\/div>\n<div aria-hidden=\"true\" data-edge=\"true\" class=\"pointer-events-none h-px w-px absolute bottom-0\"><\/div>\n","protected":false},"excerpt":{"rendered":"<p>Eleve sua rotina de cuidados com a pele com o Medicube AGE-R Ultra Tune 40.68 Collagen Generation Device. Alimentado por uma bateria recarreg\u00e1vel de pol\u00edmero de l\u00edtio de 11,1\u202fV, este dispositivo avan\u00e7ado utiliza tecnologia de alta frequ\u00eancia de 40,68\u202fMHz e microcorrentes para penetrar profundamente na pele, estimular a produ\u00e7\u00e3o de col\u00e1geno e restaurar a elasticidade. [&#8230;]\n","protected":false},"featured_media":8880,"comment_status":"open","ping_status":"closed","template":"","meta":[],"product_brand":[],"product_cat":[3722,3721],"product_tag":[],"class_list":{"0":"post-8879","1":"product","2":"type-product","3":"status-publish","4":"has-post-thumbnail","6":"product_cat-beauty-wellness","7":"product_cat-health-wellness","9":"first","10":"instock","11":"taxable","12":"shipping-taxable","13":"product-type-simple"},"jetpack_sharing_enabled":true,"_links":{"self":[{"href":"https:\/\/muneka.us\/en\/wp-json\/wp\/v2\/product\/8879","targetHints":{"allow":["GET"]}}],"collection":[{"href":"https:\/\/muneka.us\/en\/wp-json\/wp\/v2\/product"}],"about":[{"href":"https:\/\/muneka.us\/en\/wp-json\/wp\/v2\/types\/product"}],"replies":[{"embeddable":true,"href":"https:\/\/muneka.us\/en\/wp-json\/wp\/v2\/comments?post=8879"}],"wp:featuredmedia":[{"embeddable":true,"href":"https:\/\/muneka.us\/en\/wp-json\/wp\/v2\/media\/8880"}],"wp:attachment":[{"href":"https:\/\/muneka.us\/en\/wp-json\/wp\/v2\/media?parent=8879"}],"wp:term":[{"taxonomy":"product_brand","embeddable":true,"href":"https:\/\/muneka.us\/en\/wp-json\/wp\/v2\/product_brand?post=8879"},{"taxonomy":"product_cat","embeddable":true,"href":"https:\/\/muneka.us\/en\/wp-json\/wp\/v2\/product_cat?post=8879"},{"taxonomy":"product_tag","embeddable":true,"href":"https:\/\/muneka.us\/en\/wp-json\/wp\/v2\/product_tag?post=8879"}],"curies":[{"name":"wp","href":"https:\/\/api.w.org\/{rel}","templated":true}]}}