{"id":8863,"date":"2026-02-10T12:44:29","date_gmt":"2026-02-10T15:44:29","guid":{"rendered":"https:\/\/muneka.us\/product\/tree-hut-tropic-glow-whipped-shea-body-butter-long-lasting-hydration-for-soft-smooth-skin-lightweight-moisturizer-8-4-fl-oz\/"},"modified":"2026-02-10T12:44:29","modified_gmt":"2026-02-10T15:44:29","slug":"tree-hut-tropic-glow-whipped-shea-body-butter-long-lasting-hydration-for-soft-smooth-skin-lightweight-moisturizer-8-4-fl-oz","status":"publish","type":"product","link":"https:\/\/muneka.us\/en\/product\/tree-hut-tropic-glow-whipped-shea-body-butter-long-lasting-hydration-for-soft-smooth-skin-lightweight-moisturizer-8-4-fl-oz\/","title":{"rendered":"Tree Hut Tropic Glow Whipped Shea Body Butter, Long-Lasting Hydration for Soft, Smooth Skin, Lightweight Moisturizer, 8.4 fl oz"},"content":{"rendered":"<li data-start=\"57\" data-end=\"116\">\n<p data-start=\"59\" data-end=\"116\"><strong data-start=\"59\" data-end=\"114\">Manteiga corporal Tree Hut Tropic Glow Whipped Shea<\/strong><\/p>\n<\/li>\n<li data-start=\"117\" data-end=\"187\">\n<p data-start=\"119\" data-end=\"187\"><strong data-start=\"119\" data-end=\"150\">Hidrata\u00e7\u00e3o de longa dura\u00e7\u00e3o<\/strong>, deixando a pele <strong data-start=\"168\" data-end=\"185\">macia e suave<\/strong><\/p>\n<\/li>\n<li data-start=\"188\" data-end=\"227\">\n<p data-start=\"190\" data-end=\"227\">Textura <strong data-start=\"198\" data-end=\"225\">leve e aerada (whipped)<\/strong><\/p>\n<\/li>\n<li data-start=\"228\" data-end=\"274\">\n<p data-start=\"230\" data-end=\"274\"><strong data-start=\"230\" data-end=\"249\">Hidratante leve<\/strong>, ideal para uso di\u00e1rio<\/p>\n<\/li>\n<li data-start=\"275\" data-end=\"340\">\n<p data-start=\"277\" data-end=\"340\"><strong data-start=\"277\" data-end=\"300\">Fragr\u00e2ncia tropical<\/strong>, para uma sensa\u00e7\u00e3o fresca e perfumada<\/p>\n<\/li>\n<li data-start=\"341\" data-end=\"382\">\n<p data-start=\"343\" data-end=\"382\">Conte\u00fado: <strong data-start=\"353\" data-end=\"366\">8,4 fl oz<\/strong> (aprox. 250 ml)<\/p>\n<\/li>\n","protected":false},"excerpt":{"rendered":"<p>Manteiga corporal Tree Hut Tropic Glow Whipped Shea Hidrata\u00e7\u00e3o de longa dura\u00e7\u00e3o, deixando a pele macia e suave Textura leve e aerada (whipped) Hidratante leve, ideal para uso di\u00e1rio Fragr\u00e2ncia tropical, para uma sensa\u00e7\u00e3o fresca e perfumada Conte\u00fado: 8,4 fl oz (aprox. 250 ml)<\/p>\n","protected":false},"featured_media":8864,"comment_status":"open","ping_status":"closed","template":"","meta":[],"product_brand":[],"product_cat":[3722,3721],"product_tag":[],"class_list":{"0":"post-8863","1":"product","2":"type-product","3":"status-publish","4":"has-post-thumbnail","6":"product_cat-beauty-wellness","7":"product_cat-health-wellness","9":"first","10":"instock","11":"taxable","12":"shipping-taxable","13":"product-type-simple"},"jetpack_sharing_enabled":true,"_links":{"self":[{"href":"https:\/\/muneka.us\/en\/wp-json\/wp\/v2\/product\/8863","targetHints":{"allow":["GET"]}}],"collection":[{"href":"https:\/\/muneka.us\/en\/wp-json\/wp\/v2\/product"}],"about":[{"href":"https:\/\/muneka.us\/en\/wp-json\/wp\/v2\/types\/product"}],"replies":[{"embeddable":true,"href":"https:\/\/muneka.us\/en\/wp-json\/wp\/v2\/comments?post=8863"}],"wp:featuredmedia":[{"embeddable":true,"href":"https:\/\/muneka.us\/en\/wp-json\/wp\/v2\/media\/8864"}],"wp:attachment":[{"href":"https:\/\/muneka.us\/en\/wp-json\/wp\/v2\/media?parent=8863"}],"wp:term":[{"taxonomy":"product_brand","embeddable":true,"href":"https:\/\/muneka.us\/en\/wp-json\/wp\/v2\/product_brand?post=8863"},{"taxonomy":"product_cat","embeddable":true,"href":"https:\/\/muneka.us\/en\/wp-json\/wp\/v2\/product_cat?post=8863"},{"taxonomy":"product_tag","embeddable":true,"href":"https:\/\/muneka.us\/en\/wp-json\/wp\/v2\/product_tag?post=8863"}],"curies":[{"name":"wp","href":"https:\/\/api.w.org\/{rel}","templated":true}]}}